{"id":3,"date":"2022-09-28T03:31:02","date_gmt":"2022-09-28T03:31:02","guid":{"rendered":"http:\/\/191.101.14.28\/?page_id=3"},"modified":"2023-11-20T17:58:26","modified_gmt":"2023-11-20T22:58:26","slug":"privacy-policy","status":"publish","type":"page","link":"https:\/\/vipets.com.co\/?page_id=3","title":{"rendered":"Aviso de Privacidad"},"content":{"rendered":"<h2 class=\"wp-block-heading\">Aviso de Privacidad<\/h2><p><\/p><p>Dando cumplimiento a lo establecido en la Ley Estatutaria 1581 de 2012, \u201cPor la cual se dictan disposiciones generales para la protecci\u00f3n de datos personales\u201d, (en adelante LEPD), lo previsto en el Cap\u00edtulo 25 del decreto 1074 de 2015&#8243; Por medio del cual se expide el Decreto \u00danico Reglamentario del Sector Comercio, Industria y Turismo, y dem\u00e1s normas concordantes, autorizo de manera expresa, voluntaria, previa, explicita e informada sin vicios de consentimiento como dolo, error o intimidaci\u00f3n el tratamiento de mis datos personales aqu\u00ed consignados, los cuales ser\u00e1n incorporados en una base de datos responsabilidad de VIPETS S.A.S. , y ser\u00e1n tratados con las siguientes finalidades:<\/p><p>I. Con prop\u00f3sitos comerciales, publicitarios e informativos sobre futuros eventos, promociones, alianzas, actualizaciones, campa\u00f1as y dem\u00e1s informaci\u00f3n relevante que contemple la relaci\u00f3n entre VIPETS S.A.S., sus clientes y\/o proveedores. II. Adelantar tr\u00e1mites administrativos, contables, fiscales y legales; ello con el fin de brindar una atenci\u00f3n integral en virtud de los servicios y productos ofrecidos por VIPETS S.A.S<\/p><p>Usted puede ejercer sus derechos de acceso, actualizaci\u00f3n, correcci\u00f3n, supresi\u00f3n, revocaci\u00f3n o reclamo por infracci\u00f3n sobre sus datos, mediante escrito dirigido a VIPETS S.A.S., a la direcci\u00f3n de correo electr\u00f3nico gerencia@vipets.com.co, indicando en el Asunto, \u201cel derecho que desea ejercer\u201d; o mediante correo ordinario remitido a la direcci\u00f3n, Cra 2e # 31 &#8211; 04, Ch\u00eda, Cundinamarca.<\/p>","protected":false},"excerpt":{"rendered":"<p>Aviso de Privacidad Dando cumplimiento a lo establecido en la Ley Estatutaria 1581 de 2012, \u201cPor la cual se dictan disposiciones generales para la protecci\u00f3n de datos personales\u201d, (en adelante LEPD), lo previsto en el Cap\u00edtulo 25 del decreto 1074 de 2015&#8243; Por medio del cual se expide el Decreto \u00danico Reglamentario del Sector Comercio, [&hellip;]<\/p>\n","protected":false},"author":1,"featured_media":0,"parent":0,"menu_order":0,"comment_status":"closed","ping_status":"open","template":"","meta":{"inline_featured_image":false,"footnotes":""},"class_list":["post-3","page","type-page","status-publish","hentry"],"acf":[],"yoast_head":"<!-- This site is optimized with the Yoast SEO plugin v19.7.1 - https:\/\/yoast.com\/wordpress\/plugins\/seo\/ -->\n<title>Aviso de Privacidad - VIPETS<\/title>\n<meta name=\"robots\" content=\"index, follow, max-snippet:-1, max-image-preview:large, max-video-preview:-1\" \/>\n<link rel=\"canonical\" href=\"https:\/\/vipets.com.co\/?page_id=3\" \/>\n<meta property=\"og:locale\" content=\"es_ES\" \/>\n<meta property=\"og:type\" content=\"article\" \/>\n<meta property=\"og:title\" content=\"Aviso de Privacidad - VIPETS\" \/>\n<meta property=\"og:description\" content=\"Aviso de Privacidad Dando cumplimiento a lo establecido en la Ley Estatutaria 1581 de 2012, \u201cPor la cual se dictan disposiciones generales para la protecci\u00f3n de datos personales\u201d, (en adelante LEPD), lo previsto en el Cap\u00edtulo 25 del decreto 1074 de 2015&#8243; Por medio del cual se expide el Decreto \u00danico Reglamentario del Sector Comercio, [&hellip;]\" \/>\n<meta property=\"og:url\" content=\"https:\/\/vipets.com.co\/?page_id=3\" \/>\n<meta property=\"og:site_name\" content=\"VIPETS\" \/>\n<meta property=\"article:modified_time\" content=\"2023-11-20T22:58:26+00:00\" \/>\n<meta name=\"twitter:card\" content=\"summary_large_image\" \/>\n<meta name=\"twitter:label1\" content=\"Tiempo estimado de lectura\" \/>\n\t<meta name=\"twitter:data1\" content=\"3 minutos\" \/>\n<script type=\"application\/ld+json\" class=\"yoast-schema-graph\">{\"@context\":\"https:\/\/schema.org\",\"@graph\":[{\"@type\":\"WebPage\",\"@id\":\"https:\/\/vipets.com.co\/?page_id=3\",\"url\":\"https:\/\/vipets.com.co\/?page_id=3\",\"name\":\"Aviso de Privacidad - VIPETS\",\"isPartOf\":{\"@id\":\"https:\/\/vipets.com.co\/#website\"},\"datePublished\":\"2022-09-28T03:31:02+00:00\",\"dateModified\":\"2023-11-20T22:58:26+00:00\",\"breadcrumb\":{\"@id\":\"https:\/\/vipets.com.co\/?page_id=3#breadcrumb\"},\"inLanguage\":\"es-CO\",\"potentialAction\":[{\"@type\":\"ReadAction\",\"target\":[\"https:\/\/vipets.com.co\/?page_id=3\"]}]},{\"@type\":\"BreadcrumbList\",\"@id\":\"https:\/\/vipets.com.co\/?page_id=3#breadcrumb\",\"itemListElement\":[{\"@type\":\"ListItem\",\"position\":1,\"name\":\"Home\",\"item\":\"https:\/\/vipets.com.co\/\"},{\"@type\":\"ListItem\",\"position\":2,\"name\":\"Aviso de Privacidad\"}]},{\"@type\":\"WebSite\",\"@id\":\"https:\/\/vipets.com.co\/#website\",\"url\":\"https:\/\/vipets.com.co\/\",\"name\":\"VIPETS\",\"description\":\"Mascotas\",\"potentialAction\":[{\"@type\":\"SearchAction\",\"target\":{\"@type\":\"EntryPoint\",\"urlTemplate\":\"https:\/\/vipets.com.co\/?s={search_term_string}\"},\"query-input\":\"required name=search_term_string\"}],\"inLanguage\":\"es-CO\"}]}<\/script>\n<!-- \/ Yoast SEO plugin. -->","yoast_head_json":{"title":"Aviso de Privacidad - VIPETS","robots":{"index":"index","follow":"follow","max-snippet":"max-snippet:-1","max-image-preview":"max-image-preview:large","max-video-preview":"max-video-preview:-1"},"canonical":"https:\/\/vipets.com.co\/?page_id=3","og_locale":"es_ES","og_type":"article","og_title":"Aviso de Privacidad - VIPETS","og_description":"Aviso de Privacidad Dando cumplimiento a lo establecido en la Ley Estatutaria 1581 de 2012, \u201cPor la cual se dictan disposiciones generales para la protecci\u00f3n de datos personales\u201d, (en adelante LEPD), lo previsto en el Cap\u00edtulo 25 del decreto 1074 de 2015&#8243; Por medio del cual se expide el Decreto \u00danico Reglamentario del Sector Comercio, [&hellip;]","og_url":"https:\/\/vipets.com.co\/?page_id=3","og_site_name":"VIPETS","article_modified_time":"2023-11-20T22:58:26+00:00","twitter_card":"summary_large_image","twitter_misc":{"Tiempo estimado de lectura":"3 minutos"},"schema":{"@context":"https:\/\/schema.org","@graph":[{"@type":"WebPage","@id":"https:\/\/vipets.com.co\/?page_id=3","url":"https:\/\/vipets.com.co\/?page_id=3","name":"Aviso de Privacidad - VIPETS","isPartOf":{"@id":"https:\/\/vipets.com.co\/#website"},"datePublished":"2022-09-28T03:31:02+00:00","dateModified":"2023-11-20T22:58:26+00:00","breadcrumb":{"@id":"https:\/\/vipets.com.co\/?page_id=3#breadcrumb"},"inLanguage":"es-CO","potentialAction":[{"@type":"ReadAction","target":["https:\/\/vipets.com.co\/?page_id=3"]}]},{"@type":"BreadcrumbList","@id":"https:\/\/vipets.com.co\/?page_id=3#breadcrumb","itemListElement":[{"@type":"ListItem","position":1,"name":"Home","item":"https:\/\/vipets.com.co\/"},{"@type":"ListItem","position":2,"name":"Aviso de Privacidad"}]},{"@type":"WebSite","@id":"https:\/\/vipets.com.co\/#website","url":"https:\/\/vipets.com.co\/","name":"VIPETS","description":"Mascotas","potentialAction":[{"@type":"SearchAction","target":{"@type":"EntryPoint","urlTemplate":"https:\/\/vipets.com.co\/?s={search_term_string}"},"query-input":"required name=search_term_string"}],"inLanguage":"es-CO"}]}},"_links":{"self":[{"href":"https:\/\/vipets.com.co\/index.php?rest_route=\/wp\/v2\/pages\/3","targetHints":{"allow":["GET"]}}],"collection":[{"href":"https:\/\/vipets.com.co\/index.php?rest_route=\/wp\/v2\/pages"}],"about":[{"href":"https:\/\/vipets.com.co\/index.php?rest_route=\/wp\/v2\/types\/page"}],"author":[{"embeddable":true,"href":"https:\/\/vipets.com.co\/index.php?rest_route=\/wp\/v2\/users\/1"}],"replies":[{"embeddable":true,"href":"https:\/\/vipets.com.co\/index.php?rest_route=%2Fwp%2Fv2%2Fcomments&post=3"}],"version-history":[{"count":2,"href":"https:\/\/vipets.com.co\/index.php?rest_route=\/wp\/v2\/pages\/3\/revisions"}],"predecessor-version":[{"id":4990,"href":"https:\/\/vipets.com.co\/index.php?rest_route=\/wp\/v2\/pages\/3\/revisions\/4990"}],"wp:attachment":[{"href":"https:\/\/vipets.com.co\/index.php?rest_route=%2Fwp%2Fv2%2Fmedia&parent=3"}],"curies":[{"name":"wp","href":"https:\/\/api.w.org\/{rel}","templated":true}]}}