{"id":2483,"date":"2023-10-06T17:00:40","date_gmt":"2023-10-06T22:00:40","guid":{"rendered":"https:\/\/vipets.com.co\/?post_type=product&#038;p=2483"},"modified":"2026-02-11T14:53:44","modified_gmt":"2026-02-11T19:53:44","slug":"cama-queen-impermeable","status":"publish","type":"product","link":"https:\/\/vipets.com.co\/?product=cama-queen-impermeable","title":{"rendered":"Queen \/ Cama Impermeable"},"content":{"rendered":"","protected":false},"excerpt":{"rendered":"<p>C\u00f3moda y acogedora, ideal para el descanso diario. Su dise\u00f1o con cojines alrededor crea un contorno suave que invita a tu peludo a acomodarse en el centro, sentirse protegido y arruncharse con total comodidad.<\/p>\n<p>Es completamente desmontable: cuenta con cremallera para retirar los cojines y lavar cada parte por separado, haciendo la limpieza mucho m\u00e1s pr\u00e1ctica. Incluye relleno de fibra siliconada hipoalerg\u00e9nica y est\u00e1 disponible en distintos tonos.<\/p>\n","protected":false},"featured_media":8069,"comment_status":"open","ping_status":"closed","template":"","meta":{"inline_featured_image":false},"product_cat":[181,177,147,28,32],"product_tag":[],"class_list":{"0":"post-2483","1":"product","2":"type-product","3":"status-publish","4":"has-post-thumbnail","6":"product_cat-todas-las-camas","7":"product_cat-todos-los-productos","8":"product_cat-perro","9":"product_cat-linea-de-descanso","10":"product_cat-cama-impermeable","11":"product_shipping_class-camas-2","12":"pa_camas-impermeables-azul-oscuro","13":"pa_camas-impermeables-camel","14":"pa_camas-impermeables-gris-claro","15":"pa_camas-impermeables-gris-oscuro","16":"pa_camas-impermeables-negro","17":"pa_camas-impermeables-palo-de-rosa","18":"pa_camas-impermeables-verde-jade","19":"pa_camas-impermeables-verde-militar","21":"first","22":"instock","23":"taxable","24":"shipping-taxable","25":"purchasable","26":"product-type-variable"},"acf":[],"yoast_head":"<!-- This site is optimized with the Yoast SEO plugin v19.7.1 - https:\/\/yoast.com\/wordpress\/plugins\/seo\/ -->\n<title>Queen \/ Cama Impermeable - VIPETS<\/title>\n<meta name=\"robots\" content=\"index, follow, max-snippet:-1, max-image-preview:large, max-video-preview:-1\" \/>\n<link rel=\"canonical\" href=\"https:\/\/vipets.com.co\/?product=cama-queen-impermeable\" \/>\n<meta property=\"og:locale\" content=\"es_ES\" \/>\n<meta property=\"og:type\" content=\"article\" \/>\n<meta property=\"og:title\" content=\"Queen \/ Cama Impermeable - VIPETS\" \/>\n<meta property=\"og:description\" content=\"C\u00f3moda y acogedora, ideal para el descanso diario. Su dise\u00f1o con cojines alrededor crea un contorno suave que invita a tu peludo a acomodarse en el centro, sentirse protegido y arruncharse con total comodidad.  Es completamente desmontable: cuenta con cremallera para retirar los cojines y lavar cada parte por separado, haciendo la limpieza mucho m\u00e1s pr\u00e1ctica. Incluye relleno de fibra siliconada hipoalerg\u00e9nica y est\u00e1 disponible en distintos tonos.\" \/>\n<meta property=\"og:url\" content=\"https:\/\/vipets.com.co\/?product=cama-queen-impermeable\" \/>\n<meta property=\"og:site_name\" content=\"VIPETS\" \/>\n<meta property=\"article:modified_time\" content=\"2026-02-11T19:53:44+00:00\" \/>\n<meta property=\"og:image\" content=\"https:\/\/vipets.com.co\/wp-content\/uploads\/2023\/10\/Cama-queen-impermeable.jpg\" \/>\n\t<meta property=\"og:image:width\" content=\"1500\" \/>\n\t<meta property=\"og:image:height\" content=\"1500\" \/>\n\t<meta property=\"og:image:type\" content=\"image\/jpeg\" \/>\n<meta name=\"twitter:card\" content=\"summary_large_image\" \/>\n<script type=\"application\/ld+json\" class=\"yoast-schema-graph\">{\"@context\":\"https:\/\/schema.org\",\"@graph\":[{\"@type\":\"WebPage\",\"@id\":\"https:\/\/vipets.com.co\/?product=cama-queen-impermeable\",\"url\":\"https:\/\/vipets.com.co\/?product=cama-queen-impermeable\",\"name\":\"Queen \/ Cama Impermeable - VIPETS\",\"isPartOf\":{\"@id\":\"https:\/\/vipets.com.co\/#website\"},\"datePublished\":\"2023-10-06T22:00:40+00:00\",\"dateModified\":\"2026-02-11T19:53:44+00:00\",\"breadcrumb\":{\"@id\":\"https:\/\/vipets.com.co\/?product=cama-queen-impermeable#breadcrumb\"},\"inLanguage\":\"es-CO\",\"potentialAction\":[{\"@type\":\"ReadAction\",\"target\":[\"https:\/\/vipets.com.co\/?product=cama-queen-impermeable\"]}]},{\"@type\":\"BreadcrumbList\",\"@id\":\"https:\/\/vipets.com.co\/?product=cama-queen-impermeable#breadcrumb\",\"itemListElement\":[{\"@type\":\"ListItem\",\"position\":1,\"name\":\"Home\",\"item\":\"https:\/\/vipets.com.co\/\"},{\"@type\":\"ListItem\",\"position\":2,\"name\":\"Shop\",\"item\":\"https:\/\/vipets.com.co\/?page_id=6\"},{\"@type\":\"ListItem\",\"position\":3,\"name\":\"Queen \/ Cama Impermeable\"}]},{\"@type\":\"WebSite\",\"@id\":\"https:\/\/vipets.com.co\/#website\",\"url\":\"https:\/\/vipets.com.co\/\",\"name\":\"VIPETS\",\"description\":\"Mascotas\",\"potentialAction\":[{\"@type\":\"SearchAction\",\"target\":{\"@type\":\"EntryPoint\",\"urlTemplate\":\"https:\/\/vipets.com.co\/?s={search_term_string}\"},\"query-input\":\"required name=search_term_string\"}],\"inLanguage\":\"es-CO\"}]}<\/script>\n<!-- \/ Yoast SEO plugin. -->","yoast_head_json":{"title":"Queen \/ Cama Impermeable - VIPETS","robots":{"index":"index","follow":"follow","max-snippet":"max-snippet:-1","max-image-preview":"max-image-preview:large","max-video-preview":"max-video-preview:-1"},"canonical":"https:\/\/vipets.com.co\/?product=cama-queen-impermeable","og_locale":"es_ES","og_type":"article","og_title":"Queen \/ Cama Impermeable - VIPETS","og_description":"C\u00f3moda y acogedora, ideal para el descanso diario. Su dise\u00f1o con cojines alrededor crea un contorno suave que invita a tu peludo a acomodarse en el centro, sentirse protegido y arruncharse con total comodidad.  Es completamente desmontable: cuenta con cremallera para retirar los cojines y lavar cada parte por separado, haciendo la limpieza mucho m\u00e1s pr\u00e1ctica. Incluye relleno de fibra siliconada hipoalerg\u00e9nica y est\u00e1 disponible en distintos tonos.","og_url":"https:\/\/vipets.com.co\/?product=cama-queen-impermeable","og_site_name":"VIPETS","article_modified_time":"2026-02-11T19:53:44+00:00","og_image":[{"width":1500,"height":1500,"url":"https:\/\/vipets.com.co\/wp-content\/uploads\/2023\/10\/Cama-queen-impermeable.jpg","type":"image\/jpeg"}],"twitter_card":"summary_large_image","schema":{"@context":"https:\/\/schema.org","@graph":[{"@type":"WebPage","@id":"https:\/\/vipets.com.co\/?product=cama-queen-impermeable","url":"https:\/\/vipets.com.co\/?product=cama-queen-impermeable","name":"Queen \/ Cama Impermeable - VIPETS","isPartOf":{"@id":"https:\/\/vipets.com.co\/#website"},"datePublished":"2023-10-06T22:00:40+00:00","dateModified":"2026-02-11T19:53:44+00:00","breadcrumb":{"@id":"https:\/\/vipets.com.co\/?product=cama-queen-impermeable#breadcrumb"},"inLanguage":"es-CO","potentialAction":[{"@type":"ReadAction","target":["https:\/\/vipets.com.co\/?product=cama-queen-impermeable"]}]},{"@type":"BreadcrumbList","@id":"https:\/\/vipets.com.co\/?product=cama-queen-impermeable#breadcrumb","itemListElement":[{"@type":"ListItem","position":1,"name":"Home","item":"https:\/\/vipets.com.co\/"},{"@type":"ListItem","position":2,"name":"Shop","item":"https:\/\/vipets.com.co\/?page_id=6"},{"@type":"ListItem","position":3,"name":"Queen \/ Cama Impermeable"}]},{"@type":"WebSite","@id":"https:\/\/vipets.com.co\/#website","url":"https:\/\/vipets.com.co\/","name":"VIPETS","description":"Mascotas","potentialAction":[{"@type":"SearchAction","target":{"@type":"EntryPoint","urlTemplate":"https:\/\/vipets.com.co\/?s={search_term_string}"},"query-input":"required name=search_term_string"}],"inLanguage":"es-CO"}]}},"_links":{"self":[{"href":"https:\/\/vipets.com.co\/index.php?rest_route=\/wp\/v2\/product\/2483","targetHints":{"allow":["GET"]}}],"collection":[{"href":"https:\/\/vipets.com.co\/index.php?rest_route=\/wp\/v2\/product"}],"about":[{"href":"https:\/\/vipets.com.co\/index.php?rest_route=\/wp\/v2\/types\/product"}],"replies":[{"embeddable":true,"href":"https:\/\/vipets.com.co\/index.php?rest_route=%2Fwp%2Fv2%2Fcomments&post=2483"}],"wp:featuredmedia":[{"embeddable":true,"href":"https:\/\/vipets.com.co\/index.php?rest_route=\/wp\/v2\/media\/8069"}],"wp:attachment":[{"href":"https:\/\/vipets.com.co\/index.php?rest_route=%2Fwp%2Fv2%2Fmedia&parent=2483"}],"wp:term":[{"taxonomy":"product_cat","embeddable":true,"href":"https:\/\/vipets.com.co\/index.php?rest_route=%2Fwp%2Fv2%2Fproduct_cat&post=2483"},{"taxonomy":"product_tag","embeddable":true,"href":"https:\/\/vipets.com.co\/index.php?rest_route=%2Fwp%2Fv2%2Fproduct_tag&post=2483"}],"curies":[{"name":"wp","href":"https:\/\/api.w.org\/{rel}","templated":true}]}}