{"id":3049,"date":"2023-10-13T14:06:08","date_gmt":"2023-10-13T19:06:08","guid":{"rendered":"https:\/\/vipets.com.co\/?post_type=product&#038;p=3049"},"modified":"2026-02-11T15:35:47","modified_gmt":"2026-02-11T20:35:47","slug":"cama-queen-termica-estampada","status":"publish","type":"product","link":"https:\/\/vipets.com.co\/?product=cama-queen-termica-estampada","title":{"rendered":"Queen Estampada \/ Cama T\u00e9rmica"},"content":{"rendered":"","protected":false},"excerpt":{"rendered":"<p>C\u00f3moda y acogedora, ideal para el descanso diario. Su dise\u00f1o con cojines alrededor crea un contorno suave que invita a tu peludo a acomodarse en el centro, sentirse protegido y arruncharse con total comodidad.<\/p>\n<p>Su cubierta en tela t\u00e9rmica aporta una sensaci\u00f3n de abrigo perfecta para espacios frescos, noches fr\u00edas o ambientes con aire acondicionado. Es completamente desmontable: cuenta con cremallera para retirar los cojines y lavar cada parte por separado, haciendo la limpieza mucho m\u00e1s pr\u00e1ctica. Incluye relleno de fibra siliconada hipoalerg\u00e9nica y est\u00e1 disponible en distintos tonos.<\/p>\n","protected":false},"featured_media":8032,"comment_status":"open","ping_status":"closed","template":"","meta":{"inline_featured_image":false},"product_cat":[181,177,147,28,33],"product_tag":[],"class_list":{"0":"post-3049","1":"product","2":"type-product","3":"status-publish","4":"has-post-thumbnail","6":"product_cat-todas-las-camas","7":"product_cat-todos-los-productos","8":"product_cat-perro","9":"product_cat-linea-de-descanso","10":"product_cat-cama-termica","11":"product_shipping_class-camas-2","13":"first","14":"instock","15":"taxable","16":"shipping-taxable","17":"purchasable","18":"product-type-variable"},"acf":[],"yoast_head":"<!-- This site is optimized with the Yoast SEO plugin v19.7.1 - https:\/\/yoast.com\/wordpress\/plugins\/seo\/ -->\n<title>Queen Estampada \/ Cama T\u00e9rmica - VIPETS<\/title>\n<meta name=\"robots\" content=\"index, follow, max-snippet:-1, max-image-preview:large, max-video-preview:-1\" \/>\n<link rel=\"canonical\" href=\"https:\/\/vipets.com.co\/?product=cama-queen-termica-estampada\" \/>\n<meta property=\"og:locale\" content=\"es_ES\" \/>\n<meta property=\"og:type\" content=\"article\" \/>\n<meta property=\"og:title\" content=\"Queen Estampada \/ Cama T\u00e9rmica - VIPETS\" \/>\n<meta property=\"og:description\" content=\"C\u00f3moda y acogedora, ideal para el descanso diario. Su dise\u00f1o con cojines alrededor crea un contorno suave que invita a tu peludo a acomodarse en el centro, sentirse protegido y arruncharse con total comodidad.  Su cubierta en tela t\u00e9rmica aporta una sensaci\u00f3n de abrigo perfecta para espacios frescos, noches fr\u00edas o ambientes con aire acondicionado. Es completamente desmontable: cuenta con cremallera para retirar los cojines y lavar cada parte por separado, haciendo la limpieza mucho m\u00e1s pr\u00e1ctica. Incluye relleno de fibra siliconada hipoalerg\u00e9nica y est\u00e1 disponible en distintos tonos.\" \/>\n<meta property=\"og:url\" content=\"https:\/\/vipets.com.co\/?product=cama-queen-termica-estampada\" \/>\n<meta property=\"og:site_name\" content=\"VIPETS\" \/>\n<meta property=\"article:modified_time\" content=\"2026-02-11T20:35:47+00:00\" \/>\n<meta property=\"og:image\" content=\"https:\/\/vipets.com.co\/wp-content\/uploads\/2023\/10\/Cama-queen-termica-estampada.jpg\" \/>\n\t<meta property=\"og:image:width\" content=\"1500\" \/>\n\t<meta property=\"og:image:height\" content=\"1500\" \/>\n\t<meta property=\"og:image:type\" content=\"image\/jpeg\" \/>\n<meta name=\"twitter:card\" content=\"summary_large_image\" \/>\n<script type=\"application\/ld+json\" class=\"yoast-schema-graph\">{\"@context\":\"https:\/\/schema.org\",\"@graph\":[{\"@type\":\"WebPage\",\"@id\":\"https:\/\/vipets.com.co\/?product=cama-queen-termica-estampada\",\"url\":\"https:\/\/vipets.com.co\/?product=cama-queen-termica-estampada\",\"name\":\"Queen Estampada \/ Cama T\u00e9rmica - VIPETS\",\"isPartOf\":{\"@id\":\"https:\/\/vipets.com.co\/#website\"},\"datePublished\":\"2023-10-13T19:06:08+00:00\",\"dateModified\":\"2026-02-11T20:35:47+00:00\",\"breadcrumb\":{\"@id\":\"https:\/\/vipets.com.co\/?product=cama-queen-termica-estampada#breadcrumb\"},\"inLanguage\":\"es-CO\",\"potentialAction\":[{\"@type\":\"ReadAction\",\"target\":[\"https:\/\/vipets.com.co\/?product=cama-queen-termica-estampada\"]}]},{\"@type\":\"BreadcrumbList\",\"@id\":\"https:\/\/vipets.com.co\/?product=cama-queen-termica-estampada#breadcrumb\",\"itemListElement\":[{\"@type\":\"ListItem\",\"position\":1,\"name\":\"Home\",\"item\":\"https:\/\/vipets.com.co\/\"},{\"@type\":\"ListItem\",\"position\":2,\"name\":\"Shop\",\"item\":\"https:\/\/vipets.com.co\/?page_id=6\"},{\"@type\":\"ListItem\",\"position\":3,\"name\":\"Queen Estampada \/ Cama T\u00e9rmica\"}]},{\"@type\":\"WebSite\",\"@id\":\"https:\/\/vipets.com.co\/#website\",\"url\":\"https:\/\/vipets.com.co\/\",\"name\":\"VIPETS\",\"description\":\"Mascotas\",\"potentialAction\":[{\"@type\":\"SearchAction\",\"target\":{\"@type\":\"EntryPoint\",\"urlTemplate\":\"https:\/\/vipets.com.co\/?s={search_term_string}\"},\"query-input\":\"required name=search_term_string\"}],\"inLanguage\":\"es-CO\"}]}<\/script>\n<!-- \/ Yoast SEO plugin. -->","yoast_head_json":{"title":"Queen Estampada \/ Cama T\u00e9rmica - VIPETS","robots":{"index":"index","follow":"follow","max-snippet":"max-snippet:-1","max-image-preview":"max-image-preview:large","max-video-preview":"max-video-preview:-1"},"canonical":"https:\/\/vipets.com.co\/?product=cama-queen-termica-estampada","og_locale":"es_ES","og_type":"article","og_title":"Queen Estampada \/ Cama T\u00e9rmica - VIPETS","og_description":"C\u00f3moda y acogedora, ideal para el descanso diario. Su dise\u00f1o con cojines alrededor crea un contorno suave que invita a tu peludo a acomodarse en el centro, sentirse protegido y arruncharse con total comodidad.  Su cubierta en tela t\u00e9rmica aporta una sensaci\u00f3n de abrigo perfecta para espacios frescos, noches fr\u00edas o ambientes con aire acondicionado. Es completamente desmontable: cuenta con cremallera para retirar los cojines y lavar cada parte por separado, haciendo la limpieza mucho m\u00e1s pr\u00e1ctica. Incluye relleno de fibra siliconada hipoalerg\u00e9nica y est\u00e1 disponible en distintos tonos.","og_url":"https:\/\/vipets.com.co\/?product=cama-queen-termica-estampada","og_site_name":"VIPETS","article_modified_time":"2026-02-11T20:35:47+00:00","og_image":[{"width":1500,"height":1500,"url":"https:\/\/vipets.com.co\/wp-content\/uploads\/2023\/10\/Cama-queen-termica-estampada.jpg","type":"image\/jpeg"}],"twitter_card":"summary_large_image","schema":{"@context":"https:\/\/schema.org","@graph":[{"@type":"WebPage","@id":"https:\/\/vipets.com.co\/?product=cama-queen-termica-estampada","url":"https:\/\/vipets.com.co\/?product=cama-queen-termica-estampada","name":"Queen Estampada \/ Cama T\u00e9rmica - VIPETS","isPartOf":{"@id":"https:\/\/vipets.com.co\/#website"},"datePublished":"2023-10-13T19:06:08+00:00","dateModified":"2026-02-11T20:35:47+00:00","breadcrumb":{"@id":"https:\/\/vipets.com.co\/?product=cama-queen-termica-estampada#breadcrumb"},"inLanguage":"es-CO","potentialAction":[{"@type":"ReadAction","target":["https:\/\/vipets.com.co\/?product=cama-queen-termica-estampada"]}]},{"@type":"BreadcrumbList","@id":"https:\/\/vipets.com.co\/?product=cama-queen-termica-estampada#breadcrumb","itemListElement":[{"@type":"ListItem","position":1,"name":"Home","item":"https:\/\/vipets.com.co\/"},{"@type":"ListItem","position":2,"name":"Shop","item":"https:\/\/vipets.com.co\/?page_id=6"},{"@type":"ListItem","position":3,"name":"Queen Estampada \/ Cama T\u00e9rmica"}]},{"@type":"WebSite","@id":"https:\/\/vipets.com.co\/#website","url":"https:\/\/vipets.com.co\/","name":"VIPETS","description":"Mascotas","potentialAction":[{"@type":"SearchAction","target":{"@type":"EntryPoint","urlTemplate":"https:\/\/vipets.com.co\/?s={search_term_string}"},"query-input":"required name=search_term_string"}],"inLanguage":"es-CO"}]}},"_links":{"self":[{"href":"https:\/\/vipets.com.co\/index.php?rest_route=\/wp\/v2\/product\/3049","targetHints":{"allow":["GET"]}}],"collection":[{"href":"https:\/\/vipets.com.co\/index.php?rest_route=\/wp\/v2\/product"}],"about":[{"href":"https:\/\/vipets.com.co\/index.php?rest_route=\/wp\/v2\/types\/product"}],"replies":[{"embeddable":true,"href":"https:\/\/vipets.com.co\/index.php?rest_route=%2Fwp%2Fv2%2Fcomments&post=3049"}],"wp:featuredmedia":[{"embeddable":true,"href":"https:\/\/vipets.com.co\/index.php?rest_route=\/wp\/v2\/media\/8032"}],"wp:attachment":[{"href":"https:\/\/vipets.com.co\/index.php?rest_route=%2Fwp%2Fv2%2Fmedia&parent=3049"}],"wp:term":[{"taxonomy":"product_cat","embeddable":true,"href":"https:\/\/vipets.com.co\/index.php?rest_route=%2Fwp%2Fv2%2Fproduct_cat&post=3049"},{"taxonomy":"product_tag","embeddable":true,"href":"https:\/\/vipets.com.co\/index.php?rest_route=%2Fwp%2Fv2%2Fproduct_tag&post=3049"}],"curies":[{"name":"wp","href":"https:\/\/api.w.org\/{rel}","templated":true}]}}