{"id":5309,"date":"2024-08-06T10:40:12","date_gmt":"2024-08-06T15:40:12","guid":{"rendered":"https:\/\/vipets.com.co\/?post_type=product&#038;p=5309"},"modified":"2025-08-08T13:38:33","modified_gmt":"2025-08-08T18:38:33","slug":"camiseta-manga-corta","status":"publish","type":"product","link":"https:\/\/vipets.com.co\/?product=camiseta-manga-corta","title":{"rendered":"Camiseta sin mangas"},"content":{"rendered":"","protected":false},"excerpt":{"rendered":"<p><em> Para los d\u00edas soleados, nuestra camiseta manga corta es la opci\u00f3n perfecta para tu pet. Fabricada con los mejores materiales, combina frescura y estilo para que tu pet se sienta c\u00f3modo y luzca sofisticado en cada ocasi\u00f3n. Disponible en una variedad de colores. Ideal para d\u00edas c\u00e1lidos y para resaltar su elegancia en todo momento. <\/em><\/p>\n","protected":false},"featured_media":8042,"comment_status":"open","ping_status":"closed","template":"","meta":{"inline_featured_image":false},"product_cat":[177,148,147,29,176,36],"product_tag":[],"class_list":{"0":"post-5309","1":"product","2":"type-product","3":"status-publish","4":"has-post-thumbnail","6":"product_cat-todos-los-productos","7":"product_cat-gato","8":"product_cat-perro","9":"product_cat-ropa","10":"product_cat-toda-la-ropa","11":"product_cat-camisetas","12":"product_shipping_class-ropa","14":"first","15":"instock","16":"taxable","17":"shipping-taxable","18":"purchasable","19":"product-type-variable"},"acf":[],"yoast_head":"<!-- This site is optimized with the Yoast SEO plugin v19.7.1 - https:\/\/yoast.com\/wordpress\/plugins\/seo\/ -->\n<title>Camiseta sin mangas - VIPETS<\/title>\n<meta name=\"robots\" content=\"index, follow, max-snippet:-1, max-image-preview:large, max-video-preview:-1\" \/>\n<link rel=\"canonical\" href=\"https:\/\/vipets.com.co\/?product=camiseta-manga-corta\" \/>\n<meta property=\"og:locale\" content=\"es_ES\" \/>\n<meta property=\"og:type\" content=\"article\" \/>\n<meta property=\"og:title\" content=\"Camiseta sin mangas - VIPETS\" \/>\n<meta property=\"og:description\" content=\"Para los d\u00edas soleados, nuestra camiseta manga corta es la opci\u00f3n perfecta para tu pet. Fabricada con los mejores materiales, combina frescura y estilo para que tu pet se sienta c\u00f3modo y luzca sofisticado en cada ocasi\u00f3n. Disponible en una variedad de colores. Ideal para d\u00edas c\u00e1lidos y para resaltar su elegancia en todo momento.\" \/>\n<meta property=\"og:url\" content=\"https:\/\/vipets.com.co\/?product=camiseta-manga-corta\" \/>\n<meta property=\"og:site_name\" content=\"VIPETS\" \/>\n<meta property=\"article:modified_time\" content=\"2025-08-08T18:38:33+00:00\" \/>\n<meta property=\"og:image\" content=\"https:\/\/vipets.com.co\/wp-content\/uploads\/2024\/08\/Camiseta-manga-siza-1.jpg\" \/>\n\t<meta property=\"og:image:width\" content=\"1500\" \/>\n\t<meta property=\"og:image:height\" content=\"1500\" \/>\n\t<meta property=\"og:image:type\" content=\"image\/jpeg\" \/>\n<meta name=\"twitter:card\" content=\"summary_large_image\" \/>\n<script type=\"application\/ld+json\" class=\"yoast-schema-graph\">{\"@context\":\"https:\/\/schema.org\",\"@graph\":[{\"@type\":\"WebPage\",\"@id\":\"https:\/\/vipets.com.co\/?product=camiseta-manga-corta\",\"url\":\"https:\/\/vipets.com.co\/?product=camiseta-manga-corta\",\"name\":\"Camiseta sin mangas - VIPETS\",\"isPartOf\":{\"@id\":\"https:\/\/vipets.com.co\/#website\"},\"datePublished\":\"2024-08-06T15:40:12+00:00\",\"dateModified\":\"2025-08-08T18:38:33+00:00\",\"breadcrumb\":{\"@id\":\"https:\/\/vipets.com.co\/?product=camiseta-manga-corta#breadcrumb\"},\"inLanguage\":\"es-CO\",\"potentialAction\":[{\"@type\":\"ReadAction\",\"target\":[\"https:\/\/vipets.com.co\/?product=camiseta-manga-corta\"]}]},{\"@type\":\"BreadcrumbList\",\"@id\":\"https:\/\/vipets.com.co\/?product=camiseta-manga-corta#breadcrumb\",\"itemListElement\":[{\"@type\":\"ListItem\",\"position\":1,\"name\":\"Home\",\"item\":\"https:\/\/vipets.com.co\/\"},{\"@type\":\"ListItem\",\"position\":2,\"name\":\"Shop\",\"item\":\"https:\/\/vipets.com.co\/?page_id=6\"},{\"@type\":\"ListItem\",\"position\":3,\"name\":\"Camiseta sin mangas\"}]},{\"@type\":\"WebSite\",\"@id\":\"https:\/\/vipets.com.co\/#website\",\"url\":\"https:\/\/vipets.com.co\/\",\"name\":\"VIPETS\",\"description\":\"Mascotas\",\"potentialAction\":[{\"@type\":\"SearchAction\",\"target\":{\"@type\":\"EntryPoint\",\"urlTemplate\":\"https:\/\/vipets.com.co\/?s={search_term_string}\"},\"query-input\":\"required name=search_term_string\"}],\"inLanguage\":\"es-CO\"}]}<\/script>\n<!-- \/ Yoast SEO plugin. -->","yoast_head_json":{"title":"Camiseta sin mangas - VIPETS","robots":{"index":"index","follow":"follow","max-snippet":"max-snippet:-1","max-image-preview":"max-image-preview:large","max-video-preview":"max-video-preview:-1"},"canonical":"https:\/\/vipets.com.co\/?product=camiseta-manga-corta","og_locale":"es_ES","og_type":"article","og_title":"Camiseta sin mangas - VIPETS","og_description":"Para los d\u00edas soleados, nuestra camiseta manga corta es la opci\u00f3n perfecta para tu pet. Fabricada con los mejores materiales, combina frescura y estilo para que tu pet se sienta c\u00f3modo y luzca sofisticado en cada ocasi\u00f3n. Disponible en una variedad de colores. Ideal para d\u00edas c\u00e1lidos y para resaltar su elegancia en todo momento.","og_url":"https:\/\/vipets.com.co\/?product=camiseta-manga-corta","og_site_name":"VIPETS","article_modified_time":"2025-08-08T18:38:33+00:00","og_image":[{"width":1500,"height":1500,"url":"https:\/\/vipets.com.co\/wp-content\/uploads\/2024\/08\/Camiseta-manga-siza-1.jpg","type":"image\/jpeg"}],"twitter_card":"summary_large_image","schema":{"@context":"https:\/\/schema.org","@graph":[{"@type":"WebPage","@id":"https:\/\/vipets.com.co\/?product=camiseta-manga-corta","url":"https:\/\/vipets.com.co\/?product=camiseta-manga-corta","name":"Camiseta sin mangas - VIPETS","isPartOf":{"@id":"https:\/\/vipets.com.co\/#website"},"datePublished":"2024-08-06T15:40:12+00:00","dateModified":"2025-08-08T18:38:33+00:00","breadcrumb":{"@id":"https:\/\/vipets.com.co\/?product=camiseta-manga-corta#breadcrumb"},"inLanguage":"es-CO","potentialAction":[{"@type":"ReadAction","target":["https:\/\/vipets.com.co\/?product=camiseta-manga-corta"]}]},{"@type":"BreadcrumbList","@id":"https:\/\/vipets.com.co\/?product=camiseta-manga-corta#breadcrumb","itemListElement":[{"@type":"ListItem","position":1,"name":"Home","item":"https:\/\/vipets.com.co\/"},{"@type":"ListItem","position":2,"name":"Shop","item":"https:\/\/vipets.com.co\/?page_id=6"},{"@type":"ListItem","position":3,"name":"Camiseta sin mangas"}]},{"@type":"WebSite","@id":"https:\/\/vipets.com.co\/#website","url":"https:\/\/vipets.com.co\/","name":"VIPETS","description":"Mascotas","potentialAction":[{"@type":"SearchAction","target":{"@type":"EntryPoint","urlTemplate":"https:\/\/vipets.com.co\/?s={search_term_string}"},"query-input":"required name=search_term_string"}],"inLanguage":"es-CO"}]}},"_links":{"self":[{"href":"https:\/\/vipets.com.co\/index.php?rest_route=\/wp\/v2\/product\/5309","targetHints":{"allow":["GET"]}}],"collection":[{"href":"https:\/\/vipets.com.co\/index.php?rest_route=\/wp\/v2\/product"}],"about":[{"href":"https:\/\/vipets.com.co\/index.php?rest_route=\/wp\/v2\/types\/product"}],"replies":[{"embeddable":true,"href":"https:\/\/vipets.com.co\/index.php?rest_route=%2Fwp%2Fv2%2Fcomments&post=5309"}],"wp:featuredmedia":[{"embeddable":true,"href":"https:\/\/vipets.com.co\/index.php?rest_route=\/wp\/v2\/media\/8042"}],"wp:attachment":[{"href":"https:\/\/vipets.com.co\/index.php?rest_route=%2Fwp%2Fv2%2Fmedia&parent=5309"}],"wp:term":[{"taxonomy":"product_cat","embeddable":true,"href":"https:\/\/vipets.com.co\/index.php?rest_route=%2Fwp%2Fv2%2Fproduct_cat&post=5309"},{"taxonomy":"product_tag","embeddable":true,"href":"https:\/\/vipets.com.co\/index.php?rest_route=%2Fwp%2Fv2%2Fproduct_tag&post=5309"}],"curies":[{"name":"wp","href":"https:\/\/api.w.org\/{rel}","templated":true}]}}