{"id":5603,"date":"2024-08-02T14:15:25","date_gmt":"2024-08-02T19:15:25","guid":{"rendered":"https:\/\/vipets.com.co\/?post_type=product&#038;p=5603"},"modified":"2026-02-11T10:57:27","modified_gmt":"2026-02-11T15:57:27","slug":"cama-sofa-chester","status":"publish","type":"product","link":"https:\/\/vipets.com.co\/?product=cama-sofa-chester","title":{"rendered":"Ch\u00e9ster \/ Cama Sof\u00e1"},"content":{"rendered":"","protected":false},"excerpt":{"rendered":"<p><em>Dise\u00f1ada para los amantes del estilo y la calidad, Disponible en una selecci\u00f3n de colores que har\u00e1n que se funda perfectamente con tu decoraci\u00f3n, asegura que tu mascota descanse con la misma elegancia que t\u00fa. Cada detalle est\u00e1 pensado para brindar confort y sofisticaci\u00f3n<\/em><\/p>\n","protected":false},"featured_media":5618,"comment_status":"open","ping_status":"closed","template":"","meta":{"inline_featured_image":false},"product_cat":[181,177,148,147,28,33],"product_tag":[],"class_list":{"0":"post-5603","1":"product","2":"type-product","3":"status-publish","4":"has-post-thumbnail","6":"product_cat-todas-las-camas","7":"product_cat-todos-los-productos","8":"product_cat-gato","9":"product_cat-perro","10":"product_cat-linea-de-descanso","11":"product_cat-cama-termica","12":"product_shipping_class-camas","14":"first","15":"instock","16":"taxable","17":"shipping-taxable","18":"purchasable","19":"product-type-variable"},"acf":[],"yoast_head":"<!-- This site is optimized with the Yoast SEO plugin v19.7.1 - https:\/\/yoast.com\/wordpress\/plugins\/seo\/ -->\n<title>Ch\u00e9ster \/ Cama Sof\u00e1 - VIPETS<\/title>\n<meta name=\"robots\" content=\"index, follow, max-snippet:-1, max-image-preview:large, max-video-preview:-1\" \/>\n<link rel=\"canonical\" href=\"https:\/\/vipets.com.co\/?product=cama-sofa-chester\" \/>\n<meta property=\"og:locale\" content=\"es_ES\" \/>\n<meta property=\"og:type\" content=\"article\" \/>\n<meta property=\"og:title\" content=\"Ch\u00e9ster \/ Cama Sof\u00e1 - VIPETS\" \/>\n<meta property=\"og:description\" content=\"Dise\u00f1ada para los amantes del estilo y la calidad, Disponible en una selecci\u00f3n de colores que har\u00e1n que se funda perfectamente con tu decoraci\u00f3n, asegura que tu mascota descanse con la misma elegancia que t\u00fa. Cada detalle est\u00e1 pensado para brindar confort y sofisticaci\u00f3n\" \/>\n<meta property=\"og:url\" content=\"https:\/\/vipets.com.co\/?product=cama-sofa-chester\" \/>\n<meta property=\"og:site_name\" content=\"VIPETS\" \/>\n<meta property=\"article:modified_time\" content=\"2026-02-11T15:57:27+00:00\" \/>\n<meta property=\"og:image\" content=\"https:\/\/vipets.com.co\/wp-content\/uploads\/2024\/08\/Gris-2-2.jpg\" \/>\n\t<meta property=\"og:image:width\" content=\"1500\" \/>\n\t<meta property=\"og:image:height\" content=\"1500\" \/>\n\t<meta property=\"og:image:type\" content=\"image\/jpeg\" \/>\n<meta name=\"twitter:card\" content=\"summary_large_image\" \/>\n<script type=\"application\/ld+json\" class=\"yoast-schema-graph\">{\"@context\":\"https:\/\/schema.org\",\"@graph\":[{\"@type\":\"WebPage\",\"@id\":\"https:\/\/vipets.com.co\/?product=cama-sofa-chester\",\"url\":\"https:\/\/vipets.com.co\/?product=cama-sofa-chester\",\"name\":\"Ch\u00e9ster \/ Cama Sof\u00e1 - VIPETS\",\"isPartOf\":{\"@id\":\"https:\/\/vipets.com.co\/#website\"},\"datePublished\":\"2024-08-02T19:15:25+00:00\",\"dateModified\":\"2026-02-11T15:57:27+00:00\",\"breadcrumb\":{\"@id\":\"https:\/\/vipets.com.co\/?product=cama-sofa-chester#breadcrumb\"},\"inLanguage\":\"es-CO\",\"potentialAction\":[{\"@type\":\"ReadAction\",\"target\":[\"https:\/\/vipets.com.co\/?product=cama-sofa-chester\"]}]},{\"@type\":\"BreadcrumbList\",\"@id\":\"https:\/\/vipets.com.co\/?product=cama-sofa-chester#breadcrumb\",\"itemListElement\":[{\"@type\":\"ListItem\",\"position\":1,\"name\":\"Home\",\"item\":\"https:\/\/vipets.com.co\/\"},{\"@type\":\"ListItem\",\"position\":2,\"name\":\"Shop\",\"item\":\"https:\/\/vipets.com.co\/?page_id=6\"},{\"@type\":\"ListItem\",\"position\":3,\"name\":\"Ch\u00e9ster \/ Cama Sof\u00e1\"}]},{\"@type\":\"WebSite\",\"@id\":\"https:\/\/vipets.com.co\/#website\",\"url\":\"https:\/\/vipets.com.co\/\",\"name\":\"VIPETS\",\"description\":\"Mascotas\",\"potentialAction\":[{\"@type\":\"SearchAction\",\"target\":{\"@type\":\"EntryPoint\",\"urlTemplate\":\"https:\/\/vipets.com.co\/?s={search_term_string}\"},\"query-input\":\"required name=search_term_string\"}],\"inLanguage\":\"es-CO\"}]}<\/script>\n<!-- \/ Yoast SEO plugin. -->","yoast_head_json":{"title":"Ch\u00e9ster \/ Cama Sof\u00e1 - VIPETS","robots":{"index":"index","follow":"follow","max-snippet":"max-snippet:-1","max-image-preview":"max-image-preview:large","max-video-preview":"max-video-preview:-1"},"canonical":"https:\/\/vipets.com.co\/?product=cama-sofa-chester","og_locale":"es_ES","og_type":"article","og_title":"Ch\u00e9ster \/ Cama Sof\u00e1 - VIPETS","og_description":"Dise\u00f1ada para los amantes del estilo y la calidad, Disponible en una selecci\u00f3n de colores que har\u00e1n que se funda perfectamente con tu decoraci\u00f3n, asegura que tu mascota descanse con la misma elegancia que t\u00fa. Cada detalle est\u00e1 pensado para brindar confort y sofisticaci\u00f3n","og_url":"https:\/\/vipets.com.co\/?product=cama-sofa-chester","og_site_name":"VIPETS","article_modified_time":"2026-02-11T15:57:27+00:00","og_image":[{"width":1500,"height":1500,"url":"https:\/\/vipets.com.co\/wp-content\/uploads\/2024\/08\/Gris-2-2.jpg","type":"image\/jpeg"}],"twitter_card":"summary_large_image","schema":{"@context":"https:\/\/schema.org","@graph":[{"@type":"WebPage","@id":"https:\/\/vipets.com.co\/?product=cama-sofa-chester","url":"https:\/\/vipets.com.co\/?product=cama-sofa-chester","name":"Ch\u00e9ster \/ Cama Sof\u00e1 - VIPETS","isPartOf":{"@id":"https:\/\/vipets.com.co\/#website"},"datePublished":"2024-08-02T19:15:25+00:00","dateModified":"2026-02-11T15:57:27+00:00","breadcrumb":{"@id":"https:\/\/vipets.com.co\/?product=cama-sofa-chester#breadcrumb"},"inLanguage":"es-CO","potentialAction":[{"@type":"ReadAction","target":["https:\/\/vipets.com.co\/?product=cama-sofa-chester"]}]},{"@type":"BreadcrumbList","@id":"https:\/\/vipets.com.co\/?product=cama-sofa-chester#breadcrumb","itemListElement":[{"@type":"ListItem","position":1,"name":"Home","item":"https:\/\/vipets.com.co\/"},{"@type":"ListItem","position":2,"name":"Shop","item":"https:\/\/vipets.com.co\/?page_id=6"},{"@type":"ListItem","position":3,"name":"Ch\u00e9ster \/ Cama Sof\u00e1"}]},{"@type":"WebSite","@id":"https:\/\/vipets.com.co\/#website","url":"https:\/\/vipets.com.co\/","name":"VIPETS","description":"Mascotas","potentialAction":[{"@type":"SearchAction","target":{"@type":"EntryPoint","urlTemplate":"https:\/\/vipets.com.co\/?s={search_term_string}"},"query-input":"required name=search_term_string"}],"inLanguage":"es-CO"}]}},"_links":{"self":[{"href":"https:\/\/vipets.com.co\/index.php?rest_route=\/wp\/v2\/product\/5603","targetHints":{"allow":["GET"]}}],"collection":[{"href":"https:\/\/vipets.com.co\/index.php?rest_route=\/wp\/v2\/product"}],"about":[{"href":"https:\/\/vipets.com.co\/index.php?rest_route=\/wp\/v2\/types\/product"}],"replies":[{"embeddable":true,"href":"https:\/\/vipets.com.co\/index.php?rest_route=%2Fwp%2Fv2%2Fcomments&post=5603"}],"wp:featuredmedia":[{"embeddable":true,"href":"https:\/\/vipets.com.co\/index.php?rest_route=\/wp\/v2\/media\/5618"}],"wp:attachment":[{"href":"https:\/\/vipets.com.co\/index.php?rest_route=%2Fwp%2Fv2%2Fmedia&parent=5603"}],"wp:term":[{"taxonomy":"product_cat","embeddable":true,"href":"https:\/\/vipets.com.co\/index.php?rest_route=%2Fwp%2Fv2%2Fproduct_cat&post=5603"},{"taxonomy":"product_tag","embeddable":true,"href":"https:\/\/vipets.com.co\/index.php?rest_route=%2Fwp%2Fv2%2Fproduct_tag&post=5603"}],"curies":[{"name":"wp","href":"https:\/\/api.w.org\/{rel}","templated":true}]}}