{"id":5645,"date":"2024-08-02T15:08:27","date_gmt":"2024-08-02T20:08:27","guid":{"rendered":"https:\/\/vipets.com.co\/?post_type=product&#038;p=5645"},"modified":"2026-02-11T14:35:48","modified_gmt":"2026-02-11T19:35:48","slug":"cojin-termico-estampado","status":"publish","type":"product","link":"https:\/\/vipets.com.co\/?product=cojin-termico-estampado","title":{"rendered":"Bruma Estampado \/ Coj\u00edn T\u00e9rmico"},"content":{"rendered":"","protected":false},"excerpt":{"rendered":"<p>Dise\u00f1ado para brindar comodidad y apoyo gracias a sus laterales, ideales para que tu mascota descanse la cabeza y se sienta m\u00e1s protegida.<br \/>\nDesarmable con cremalleras laterales para retirar los forros. Incluye relleno de fibra siliconada hipoalerg\u00e9nica, tela t\u00e9rmica afelpada.<\/p>\n<p>Lavado en lavadora (ciclo suave\/delicado). No apto para secadora.<\/p>\n<p>Disponible en distintos tonos.<\/p>\n","protected":false},"featured_media":7985,"comment_status":"open","ping_status":"closed","template":"","meta":{"inline_featured_image":false},"product_cat":[181,177,148,147,28,33],"product_tag":[],"class_list":{"0":"post-5645","1":"product","2":"type-product","3":"status-publish","4":"has-post-thumbnail","6":"product_cat-todas-las-camas","7":"product_cat-todos-los-productos","8":"product_cat-gato","9":"product_cat-perro","10":"product_cat-linea-de-descanso","11":"product_cat-cama-termica","12":"product_shipping_class-camas","14":"first","15":"instock","16":"taxable","17":"shipping-taxable","18":"purchasable","19":"product-type-variable"},"acf":[],"yoast_head":"<!-- This site is optimized with the Yoast SEO plugin v19.7.1 - https:\/\/yoast.com\/wordpress\/plugins\/seo\/ -->\n<title>Bruma Estampado \/ Coj\u00edn T\u00e9rmico - VIPETS<\/title>\n<meta name=\"robots\" content=\"index, follow, max-snippet:-1, max-image-preview:large, max-video-preview:-1\" \/>\n<link rel=\"canonical\" href=\"https:\/\/vipets.com.co\/?product=cojin-termico-estampado\" \/>\n<meta property=\"og:locale\" content=\"es_ES\" \/>\n<meta property=\"og:type\" content=\"article\" \/>\n<meta property=\"og:title\" content=\"Bruma Estampado \/ Coj\u00edn T\u00e9rmico - VIPETS\" \/>\n<meta property=\"og:description\" content=\"Dise\u00f1ado para brindar comodidad y apoyo gracias a sus laterales, ideales para que tu mascota descanse la cabeza y se sienta m\u00e1s protegida. Desarmable con cremalleras laterales para retirar los forros. Incluye relleno de fibra siliconada hipoalerg\u00e9nica, tela t\u00e9rmica afelpada.  Lavado en lavadora (ciclo suave\/delicado). No apto para secadora.  Disponible en distintos tonos.\" \/>\n<meta property=\"og:url\" content=\"https:\/\/vipets.com.co\/?product=cojin-termico-estampado\" \/>\n<meta property=\"og:site_name\" content=\"VIPETS\" \/>\n<meta property=\"article:modified_time\" content=\"2026-02-11T19:35:48+00:00\" \/>\n<meta property=\"og:image\" content=\"https:\/\/vipets.com.co\/wp-content\/uploads\/2024\/08\/Cama-cojin-termico-estampado.jpg\" \/>\n\t<meta property=\"og:image:width\" content=\"1500\" \/>\n\t<meta property=\"og:image:height\" content=\"1500\" \/>\n\t<meta property=\"og:image:type\" content=\"image\/jpeg\" \/>\n<meta name=\"twitter:card\" content=\"summary_large_image\" \/>\n<script type=\"application\/ld+json\" class=\"yoast-schema-graph\">{\"@context\":\"https:\/\/schema.org\",\"@graph\":[{\"@type\":\"WebPage\",\"@id\":\"https:\/\/vipets.com.co\/?product=cojin-termico-estampado\",\"url\":\"https:\/\/vipets.com.co\/?product=cojin-termico-estampado\",\"name\":\"Bruma Estampado \/ Coj\u00edn T\u00e9rmico - VIPETS\",\"isPartOf\":{\"@id\":\"https:\/\/vipets.com.co\/#website\"},\"datePublished\":\"2024-08-02T20:08:27+00:00\",\"dateModified\":\"2026-02-11T19:35:48+00:00\",\"breadcrumb\":{\"@id\":\"https:\/\/vipets.com.co\/?product=cojin-termico-estampado#breadcrumb\"},\"inLanguage\":\"es-CO\",\"potentialAction\":[{\"@type\":\"ReadAction\",\"target\":[\"https:\/\/vipets.com.co\/?product=cojin-termico-estampado\"]}]},{\"@type\":\"BreadcrumbList\",\"@id\":\"https:\/\/vipets.com.co\/?product=cojin-termico-estampado#breadcrumb\",\"itemListElement\":[{\"@type\":\"ListItem\",\"position\":1,\"name\":\"Home\",\"item\":\"https:\/\/vipets.com.co\/\"},{\"@type\":\"ListItem\",\"position\":2,\"name\":\"Shop\",\"item\":\"https:\/\/vipets.com.co\/?page_id=6\"},{\"@type\":\"ListItem\",\"position\":3,\"name\":\"Bruma Estampado \/ Coj\u00edn T\u00e9rmico\"}]},{\"@type\":\"WebSite\",\"@id\":\"https:\/\/vipets.com.co\/#website\",\"url\":\"https:\/\/vipets.com.co\/\",\"name\":\"VIPETS\",\"description\":\"Mascotas\",\"potentialAction\":[{\"@type\":\"SearchAction\",\"target\":{\"@type\":\"EntryPoint\",\"urlTemplate\":\"https:\/\/vipets.com.co\/?s={search_term_string}\"},\"query-input\":\"required name=search_term_string\"}],\"inLanguage\":\"es-CO\"}]}<\/script>\n<!-- \/ Yoast SEO plugin. -->","yoast_head_json":{"title":"Bruma Estampado \/ Coj\u00edn T\u00e9rmico - VIPETS","robots":{"index":"index","follow":"follow","max-snippet":"max-snippet:-1","max-image-preview":"max-image-preview:large","max-video-preview":"max-video-preview:-1"},"canonical":"https:\/\/vipets.com.co\/?product=cojin-termico-estampado","og_locale":"es_ES","og_type":"article","og_title":"Bruma Estampado \/ Coj\u00edn T\u00e9rmico - VIPETS","og_description":"Dise\u00f1ado para brindar comodidad y apoyo gracias a sus laterales, ideales para que tu mascota descanse la cabeza y se sienta m\u00e1s protegida. Desarmable con cremalleras laterales para retirar los forros. Incluye relleno de fibra siliconada hipoalerg\u00e9nica, tela t\u00e9rmica afelpada.  Lavado en lavadora (ciclo suave\/delicado). No apto para secadora.  Disponible en distintos tonos.","og_url":"https:\/\/vipets.com.co\/?product=cojin-termico-estampado","og_site_name":"VIPETS","article_modified_time":"2026-02-11T19:35:48+00:00","og_image":[{"width":1500,"height":1500,"url":"https:\/\/vipets.com.co\/wp-content\/uploads\/2024\/08\/Cama-cojin-termico-estampado.jpg","type":"image\/jpeg"}],"twitter_card":"summary_large_image","schema":{"@context":"https:\/\/schema.org","@graph":[{"@type":"WebPage","@id":"https:\/\/vipets.com.co\/?product=cojin-termico-estampado","url":"https:\/\/vipets.com.co\/?product=cojin-termico-estampado","name":"Bruma Estampado \/ Coj\u00edn T\u00e9rmico - VIPETS","isPartOf":{"@id":"https:\/\/vipets.com.co\/#website"},"datePublished":"2024-08-02T20:08:27+00:00","dateModified":"2026-02-11T19:35:48+00:00","breadcrumb":{"@id":"https:\/\/vipets.com.co\/?product=cojin-termico-estampado#breadcrumb"},"inLanguage":"es-CO","potentialAction":[{"@type":"ReadAction","target":["https:\/\/vipets.com.co\/?product=cojin-termico-estampado"]}]},{"@type":"BreadcrumbList","@id":"https:\/\/vipets.com.co\/?product=cojin-termico-estampado#breadcrumb","itemListElement":[{"@type":"ListItem","position":1,"name":"Home","item":"https:\/\/vipets.com.co\/"},{"@type":"ListItem","position":2,"name":"Shop","item":"https:\/\/vipets.com.co\/?page_id=6"},{"@type":"ListItem","position":3,"name":"Bruma Estampado \/ Coj\u00edn T\u00e9rmico"}]},{"@type":"WebSite","@id":"https:\/\/vipets.com.co\/#website","url":"https:\/\/vipets.com.co\/","name":"VIPETS","description":"Mascotas","potentialAction":[{"@type":"SearchAction","target":{"@type":"EntryPoint","urlTemplate":"https:\/\/vipets.com.co\/?s={search_term_string}"},"query-input":"required name=search_term_string"}],"inLanguage":"es-CO"}]}},"_links":{"self":[{"href":"https:\/\/vipets.com.co\/index.php?rest_route=\/wp\/v2\/product\/5645","targetHints":{"allow":["GET"]}}],"collection":[{"href":"https:\/\/vipets.com.co\/index.php?rest_route=\/wp\/v2\/product"}],"about":[{"href":"https:\/\/vipets.com.co\/index.php?rest_route=\/wp\/v2\/types\/product"}],"replies":[{"embeddable":true,"href":"https:\/\/vipets.com.co\/index.php?rest_route=%2Fwp%2Fv2%2Fcomments&post=5645"}],"wp:featuredmedia":[{"embeddable":true,"href":"https:\/\/vipets.com.co\/index.php?rest_route=\/wp\/v2\/media\/7985"}],"wp:attachment":[{"href":"https:\/\/vipets.com.co\/index.php?rest_route=%2Fwp%2Fv2%2Fmedia&parent=5645"}],"wp:term":[{"taxonomy":"product_cat","embeddable":true,"href":"https:\/\/vipets.com.co\/index.php?rest_route=%2Fwp%2Fv2%2Fproduct_cat&post=5645"},{"taxonomy":"product_tag","embeddable":true,"href":"https:\/\/vipets.com.co\/index.php?rest_route=%2Fwp%2Fv2%2Fproduct_tag&post=5645"}],"curies":[{"name":"wp","href":"https:\/\/api.w.org\/{rel}","templated":true}]}}