{"id":6094,"date":"2024-08-06T13:07:21","date_gmt":"2024-08-06T18:07:21","guid":{"rendered":"https:\/\/vipets.com.co\/?post_type=product&#038;p=6094"},"modified":"2025-08-08T13:26:32","modified_gmt":"2025-08-08T18:26:32","slug":"camiseta-sin-mangas-its-my-birthday","status":"publish","type":"product","link":"https:\/\/vipets.com.co\/?product=camiseta-sin-mangas-its-my-birthday","title":{"rendered":"Camiseta sin mangas it&#8217;s my birthday"},"content":{"rendered":"","protected":false},"excerpt":{"rendered":"<p><em> Prenda fresca y c\u00f3moda para perros y gatos de todos los tama\u00f1os, elaborada en algod\u00f3n licrado. Por ser este material tan el\u00e1stico, se ajusta de manera f\u00e1cil al cuerpo de tu peludo. Es apta para todo tipo de clima. <\/em><\/p>\n","protected":false},"featured_media":8037,"comment_status":"open","ping_status":"closed","template":"","meta":{"inline_featured_image":false},"product_cat":[177,148,147,29,36],"product_tag":[],"class_list":{"0":"post-6094","1":"product","2":"type-product","3":"status-publish","4":"has-post-thumbnail","6":"product_cat-todos-los-productos","7":"product_cat-gato","8":"product_cat-perro","9":"product_cat-ropa","10":"product_cat-camisetas","11":"product_shipping_class-ropa","13":"first","14":"outofstock","15":"taxable","16":"shipping-taxable","17":"product-type-variable"},"acf":[],"yoast_head":"<!-- This site is optimized with the Yoast SEO plugin v19.7.1 - https:\/\/yoast.com\/wordpress\/plugins\/seo\/ -->\n<title>Camiseta sin mangas it&#039;s my birthday - VIPETS<\/title>\n<meta name=\"robots\" content=\"index, follow, max-snippet:-1, max-image-preview:large, max-video-preview:-1\" \/>\n<link rel=\"canonical\" href=\"https:\/\/vipets.com.co\/?product=camiseta-sin-mangas-its-my-birthday\" \/>\n<meta property=\"og:locale\" content=\"es_ES\" \/>\n<meta property=\"og:type\" content=\"article\" \/>\n<meta property=\"og:title\" content=\"Camiseta sin mangas it&#039;s my birthday - VIPETS\" \/>\n<meta property=\"og:description\" content=\"Prenda fresca y c\u00f3moda para perros y gatos de todos los tama\u00f1os, elaborada en algod\u00f3n licrado. Por ser este material tan el\u00e1stico, se ajusta de manera f\u00e1cil al cuerpo de tu peludo. Es apta para todo tipo de clima.\" \/>\n<meta property=\"og:url\" content=\"https:\/\/vipets.com.co\/?product=camiseta-sin-mangas-its-my-birthday\" \/>\n<meta property=\"og:site_name\" content=\"VIPETS\" \/>\n<meta property=\"article:modified_time\" content=\"2025-08-08T18:26:32+00:00\" \/>\n<meta property=\"og:image\" content=\"https:\/\/vipets.com.co\/wp-content\/uploads\/2024\/08\/Camiseta-manga-siza-its-my-birthay.jpg\" \/>\n\t<meta property=\"og:image:width\" content=\"1500\" \/>\n\t<meta property=\"og:image:height\" content=\"1500\" \/>\n\t<meta property=\"og:image:type\" content=\"image\/jpeg\" \/>\n<meta name=\"twitter:card\" content=\"summary_large_image\" \/>\n<script type=\"application\/ld+json\" class=\"yoast-schema-graph\">{\"@context\":\"https:\/\/schema.org\",\"@graph\":[{\"@type\":\"WebPage\",\"@id\":\"https:\/\/vipets.com.co\/?product=camiseta-sin-mangas-its-my-birthday\",\"url\":\"https:\/\/vipets.com.co\/?product=camiseta-sin-mangas-its-my-birthday\",\"name\":\"Camiseta sin mangas it's my birthday - VIPETS\",\"isPartOf\":{\"@id\":\"https:\/\/vipets.com.co\/#website\"},\"datePublished\":\"2024-08-06T18:07:21+00:00\",\"dateModified\":\"2025-08-08T18:26:32+00:00\",\"breadcrumb\":{\"@id\":\"https:\/\/vipets.com.co\/?product=camiseta-sin-mangas-its-my-birthday#breadcrumb\"},\"inLanguage\":\"es-CO\",\"potentialAction\":[{\"@type\":\"ReadAction\",\"target\":[\"https:\/\/vipets.com.co\/?product=camiseta-sin-mangas-its-my-birthday\"]}]},{\"@type\":\"BreadcrumbList\",\"@id\":\"https:\/\/vipets.com.co\/?product=camiseta-sin-mangas-its-my-birthday#breadcrumb\",\"itemListElement\":[{\"@type\":\"ListItem\",\"position\":1,\"name\":\"Home\",\"item\":\"https:\/\/vipets.com.co\/\"},{\"@type\":\"ListItem\",\"position\":2,\"name\":\"Shop\",\"item\":\"https:\/\/vipets.com.co\/?page_id=6\"},{\"@type\":\"ListItem\",\"position\":3,\"name\":\"Camiseta sin mangas it&#8217;s my birthday\"}]},{\"@type\":\"WebSite\",\"@id\":\"https:\/\/vipets.com.co\/#website\",\"url\":\"https:\/\/vipets.com.co\/\",\"name\":\"VIPETS\",\"description\":\"Mascotas\",\"potentialAction\":[{\"@type\":\"SearchAction\",\"target\":{\"@type\":\"EntryPoint\",\"urlTemplate\":\"https:\/\/vipets.com.co\/?s={search_term_string}\"},\"query-input\":\"required name=search_term_string\"}],\"inLanguage\":\"es-CO\"}]}<\/script>\n<!-- \/ Yoast SEO plugin. -->","yoast_head_json":{"title":"Camiseta sin mangas it's my birthday - VIPETS","robots":{"index":"index","follow":"follow","max-snippet":"max-snippet:-1","max-image-preview":"max-image-preview:large","max-video-preview":"max-video-preview:-1"},"canonical":"https:\/\/vipets.com.co\/?product=camiseta-sin-mangas-its-my-birthday","og_locale":"es_ES","og_type":"article","og_title":"Camiseta sin mangas it's my birthday - VIPETS","og_description":"Prenda fresca y c\u00f3moda para perros y gatos de todos los tama\u00f1os, elaborada en algod\u00f3n licrado. Por ser este material tan el\u00e1stico, se ajusta de manera f\u00e1cil al cuerpo de tu peludo. Es apta para todo tipo de clima.","og_url":"https:\/\/vipets.com.co\/?product=camiseta-sin-mangas-its-my-birthday","og_site_name":"VIPETS","article_modified_time":"2025-08-08T18:26:32+00:00","og_image":[{"width":1500,"height":1500,"url":"https:\/\/vipets.com.co\/wp-content\/uploads\/2024\/08\/Camiseta-manga-siza-its-my-birthay.jpg","type":"image\/jpeg"}],"twitter_card":"summary_large_image","schema":{"@context":"https:\/\/schema.org","@graph":[{"@type":"WebPage","@id":"https:\/\/vipets.com.co\/?product=camiseta-sin-mangas-its-my-birthday","url":"https:\/\/vipets.com.co\/?product=camiseta-sin-mangas-its-my-birthday","name":"Camiseta sin mangas it's my birthday - VIPETS","isPartOf":{"@id":"https:\/\/vipets.com.co\/#website"},"datePublished":"2024-08-06T18:07:21+00:00","dateModified":"2025-08-08T18:26:32+00:00","breadcrumb":{"@id":"https:\/\/vipets.com.co\/?product=camiseta-sin-mangas-its-my-birthday#breadcrumb"},"inLanguage":"es-CO","potentialAction":[{"@type":"ReadAction","target":["https:\/\/vipets.com.co\/?product=camiseta-sin-mangas-its-my-birthday"]}]},{"@type":"BreadcrumbList","@id":"https:\/\/vipets.com.co\/?product=camiseta-sin-mangas-its-my-birthday#breadcrumb","itemListElement":[{"@type":"ListItem","position":1,"name":"Home","item":"https:\/\/vipets.com.co\/"},{"@type":"ListItem","position":2,"name":"Shop","item":"https:\/\/vipets.com.co\/?page_id=6"},{"@type":"ListItem","position":3,"name":"Camiseta sin mangas it&#8217;s my birthday"}]},{"@type":"WebSite","@id":"https:\/\/vipets.com.co\/#website","url":"https:\/\/vipets.com.co\/","name":"VIPETS","description":"Mascotas","potentialAction":[{"@type":"SearchAction","target":{"@type":"EntryPoint","urlTemplate":"https:\/\/vipets.com.co\/?s={search_term_string}"},"query-input":"required name=search_term_string"}],"inLanguage":"es-CO"}]}},"_links":{"self":[{"href":"https:\/\/vipets.com.co\/index.php?rest_route=\/wp\/v2\/product\/6094","targetHints":{"allow":["GET"]}}],"collection":[{"href":"https:\/\/vipets.com.co\/index.php?rest_route=\/wp\/v2\/product"}],"about":[{"href":"https:\/\/vipets.com.co\/index.php?rest_route=\/wp\/v2\/types\/product"}],"replies":[{"embeddable":true,"href":"https:\/\/vipets.com.co\/index.php?rest_route=%2Fwp%2Fv2%2Fcomments&post=6094"}],"wp:featuredmedia":[{"embeddable":true,"href":"https:\/\/vipets.com.co\/index.php?rest_route=\/wp\/v2\/media\/8037"}],"wp:attachment":[{"href":"https:\/\/vipets.com.co\/index.php?rest_route=%2Fwp%2Fv2%2Fmedia&parent=6094"}],"wp:term":[{"taxonomy":"product_cat","embeddable":true,"href":"https:\/\/vipets.com.co\/index.php?rest_route=%2Fwp%2Fv2%2Fproduct_cat&post=6094"},{"taxonomy":"product_tag","embeddable":true,"href":"https:\/\/vipets.com.co\/index.php?rest_route=%2Fwp%2Fv2%2Fproduct_tag&post=6094"}],"curies":[{"name":"wp","href":"https:\/\/api.w.org\/{rel}","templated":true}]}}