{"id":6207,"date":"2024-08-09T10:10:51","date_gmt":"2024-08-09T15:10:51","guid":{"rendered":"https:\/\/vipets.com.co\/?post_type=product&#038;p=6207"},"modified":"2026-02-11T11:28:56","modified_gmt":"2026-02-11T16:28:56","slug":"arnes-en-reata-para-gato","status":"publish","type":"product","link":"https:\/\/vipets.com.co\/?product=arnes-en-reata-para-gato","title":{"rendered":"Arn\u00e9s"},"content":{"rendered":"","protected":false},"excerpt":{"rendered":"<p><em> Tu michi estar\u00e1 a la moda mientras camina. Escoge entre variedad de colores y ense\u00f1a a tu pet a caminar junto a ti, con total seguridad. <\/em><\/p>\n","protected":false},"featured_media":7966,"comment_status":"open","ping_status":"closed","template":"","meta":{"inline_featured_image":false},"product_cat":[183,177,148,30,44],"product_tag":[],"class_list":{"0":"post-6207","1":"product","2":"type-product","3":"status-publish","4":"has-post-thumbnail","6":"product_cat-todos-los-collares","7":"product_cat-todos-los-productos","8":"product_cat-gato","9":"product_cat-collares","10":"product_cat-pecheras","11":"product_shipping_class-ropa","13":"first","14":"instock","15":"taxable","16":"shipping-taxable","17":"purchasable","18":"product-type-variable"},"acf":[],"yoast_head":"<!-- This site is optimized with the Yoast SEO plugin v19.7.1 - https:\/\/yoast.com\/wordpress\/plugins\/seo\/ -->\n<title>Arn\u00e9s - VIPETS<\/title>\n<meta name=\"robots\" content=\"index, follow, max-snippet:-1, max-image-preview:large, max-video-preview:-1\" \/>\n<link rel=\"canonical\" href=\"https:\/\/vipets.com.co\/?product=arnes-en-reata-para-gato\" \/>\n<meta property=\"og:locale\" content=\"es_ES\" \/>\n<meta property=\"og:type\" content=\"article\" \/>\n<meta property=\"og:title\" content=\"Arn\u00e9s - VIPETS\" \/>\n<meta property=\"og:description\" content=\"Tu michi estar\u00e1 a la moda mientras camina. Escoge entre variedad de colores y ense\u00f1a a tu pet a caminar junto a ti, con total seguridad.\" \/>\n<meta property=\"og:url\" content=\"https:\/\/vipets.com.co\/?product=arnes-en-reata-para-gato\" \/>\n<meta property=\"og:site_name\" content=\"VIPETS\" \/>\n<meta property=\"article:modified_time\" content=\"2026-02-11T16:28:56+00:00\" \/>\n<meta property=\"og:image\" content=\"https:\/\/vipets.com.co\/wp-content\/uploads\/2024\/08\/Arnes-de-reata-para-Gato.jpg\" \/>\n\t<meta property=\"og:image:width\" content=\"1500\" \/>\n\t<meta property=\"og:image:height\" content=\"1500\" \/>\n\t<meta property=\"og:image:type\" content=\"image\/jpeg\" \/>\n<meta name=\"twitter:card\" content=\"summary_large_image\" \/>\n<script type=\"application\/ld+json\" class=\"yoast-schema-graph\">{\"@context\":\"https:\/\/schema.org\",\"@graph\":[{\"@type\":\"WebPage\",\"@id\":\"https:\/\/vipets.com.co\/?product=arnes-en-reata-para-gato\",\"url\":\"https:\/\/vipets.com.co\/?product=arnes-en-reata-para-gato\",\"name\":\"Arn\u00e9s - VIPETS\",\"isPartOf\":{\"@id\":\"https:\/\/vipets.com.co\/#website\"},\"datePublished\":\"2024-08-09T15:10:51+00:00\",\"dateModified\":\"2026-02-11T16:28:56+00:00\",\"breadcrumb\":{\"@id\":\"https:\/\/vipets.com.co\/?product=arnes-en-reata-para-gato#breadcrumb\"},\"inLanguage\":\"es-CO\",\"potentialAction\":[{\"@type\":\"ReadAction\",\"target\":[\"https:\/\/vipets.com.co\/?product=arnes-en-reata-para-gato\"]}]},{\"@type\":\"BreadcrumbList\",\"@id\":\"https:\/\/vipets.com.co\/?product=arnes-en-reata-para-gato#breadcrumb\",\"itemListElement\":[{\"@type\":\"ListItem\",\"position\":1,\"name\":\"Home\",\"item\":\"https:\/\/vipets.com.co\/\"},{\"@type\":\"ListItem\",\"position\":2,\"name\":\"Shop\",\"item\":\"https:\/\/vipets.com.co\/?page_id=6\"},{\"@type\":\"ListItem\",\"position\":3,\"name\":\"Arn\u00e9s\"}]},{\"@type\":\"WebSite\",\"@id\":\"https:\/\/vipets.com.co\/#website\",\"url\":\"https:\/\/vipets.com.co\/\",\"name\":\"VIPETS\",\"description\":\"Mascotas\",\"potentialAction\":[{\"@type\":\"SearchAction\",\"target\":{\"@type\":\"EntryPoint\",\"urlTemplate\":\"https:\/\/vipets.com.co\/?s={search_term_string}\"},\"query-input\":\"required name=search_term_string\"}],\"inLanguage\":\"es-CO\"}]}<\/script>\n<!-- \/ Yoast SEO plugin. -->","yoast_head_json":{"title":"Arn\u00e9s - VIPETS","robots":{"index":"index","follow":"follow","max-snippet":"max-snippet:-1","max-image-preview":"max-image-preview:large","max-video-preview":"max-video-preview:-1"},"canonical":"https:\/\/vipets.com.co\/?product=arnes-en-reata-para-gato","og_locale":"es_ES","og_type":"article","og_title":"Arn\u00e9s - VIPETS","og_description":"Tu michi estar\u00e1 a la moda mientras camina. Escoge entre variedad de colores y ense\u00f1a a tu pet a caminar junto a ti, con total seguridad.","og_url":"https:\/\/vipets.com.co\/?product=arnes-en-reata-para-gato","og_site_name":"VIPETS","article_modified_time":"2026-02-11T16:28:56+00:00","og_image":[{"width":1500,"height":1500,"url":"https:\/\/vipets.com.co\/wp-content\/uploads\/2024\/08\/Arnes-de-reata-para-Gato.jpg","type":"image\/jpeg"}],"twitter_card":"summary_large_image","schema":{"@context":"https:\/\/schema.org","@graph":[{"@type":"WebPage","@id":"https:\/\/vipets.com.co\/?product=arnes-en-reata-para-gato","url":"https:\/\/vipets.com.co\/?product=arnes-en-reata-para-gato","name":"Arn\u00e9s - VIPETS","isPartOf":{"@id":"https:\/\/vipets.com.co\/#website"},"datePublished":"2024-08-09T15:10:51+00:00","dateModified":"2026-02-11T16:28:56+00:00","breadcrumb":{"@id":"https:\/\/vipets.com.co\/?product=arnes-en-reata-para-gato#breadcrumb"},"inLanguage":"es-CO","potentialAction":[{"@type":"ReadAction","target":["https:\/\/vipets.com.co\/?product=arnes-en-reata-para-gato"]}]},{"@type":"BreadcrumbList","@id":"https:\/\/vipets.com.co\/?product=arnes-en-reata-para-gato#breadcrumb","itemListElement":[{"@type":"ListItem","position":1,"name":"Home","item":"https:\/\/vipets.com.co\/"},{"@type":"ListItem","position":2,"name":"Shop","item":"https:\/\/vipets.com.co\/?page_id=6"},{"@type":"ListItem","position":3,"name":"Arn\u00e9s"}]},{"@type":"WebSite","@id":"https:\/\/vipets.com.co\/#website","url":"https:\/\/vipets.com.co\/","name":"VIPETS","description":"Mascotas","potentialAction":[{"@type":"SearchAction","target":{"@type":"EntryPoint","urlTemplate":"https:\/\/vipets.com.co\/?s={search_term_string}"},"query-input":"required name=search_term_string"}],"inLanguage":"es-CO"}]}},"_links":{"self":[{"href":"https:\/\/vipets.com.co\/index.php?rest_route=\/wp\/v2\/product\/6207","targetHints":{"allow":["GET"]}}],"collection":[{"href":"https:\/\/vipets.com.co\/index.php?rest_route=\/wp\/v2\/product"}],"about":[{"href":"https:\/\/vipets.com.co\/index.php?rest_route=\/wp\/v2\/types\/product"}],"replies":[{"embeddable":true,"href":"https:\/\/vipets.com.co\/index.php?rest_route=%2Fwp%2Fv2%2Fcomments&post=6207"}],"wp:featuredmedia":[{"embeddable":true,"href":"https:\/\/vipets.com.co\/index.php?rest_route=\/wp\/v2\/media\/7966"}],"wp:attachment":[{"href":"https:\/\/vipets.com.co\/index.php?rest_route=%2Fwp%2Fv2%2Fmedia&parent=6207"}],"wp:term":[{"taxonomy":"product_cat","embeddable":true,"href":"https:\/\/vipets.com.co\/index.php?rest_route=%2Fwp%2Fv2%2Fproduct_cat&post=6207"},{"taxonomy":"product_tag","embeddable":true,"href":"https:\/\/vipets.com.co\/index.php?rest_route=%2Fwp%2Fv2%2Fproduct_tag&post=6207"}],"curies":[{"name":"wp","href":"https:\/\/api.w.org\/{rel}","templated":true}]}}