{"id":6432,"date":"2024-08-09T11:17:32","date_gmt":"2024-08-09T16:17:32","guid":{"rendered":"https:\/\/vipets.com.co\/?post_type=product&#038;p=6432"},"modified":"2025-08-11T10:41:58","modified_gmt":"2025-08-11T15:41:58","slug":"maleta-burbuja","status":"publish","type":"product","link":"https:\/\/vipets.com.co\/?product=maleta-burbuja","title":{"rendered":"Maleta Burbuja"},"content":{"rendered":"","protected":false},"excerpt":{"rendered":"<p><em> Lleva c\u00f3modamente a tu pet en esta maleta con \u201cmirador propio\u201d Su estructura r\u00edgida y divertidos dise\u00f1os, har\u00e1n que tu pet se sienta a gusto y muy protegida en todo trayecto. <\/em><\/p>\n","protected":false},"featured_media":8083,"comment_status":"open","ping_status":"closed","template":"","meta":{"inline_featured_image":false},"product_cat":[182,177,148,147,25],"product_tag":[],"class_list":{"0":"post-6432","1":"product","2":"type-product","3":"status-publish","4":"has-post-thumbnail","6":"product_cat-todos-los-accesorios","7":"product_cat-todos-los-productos","8":"product_cat-gato","9":"product_cat-perro","10":"product_cat-accesorios","11":"product_shipping_class-ropa","13":"first","14":"instock","15":"taxable","16":"shipping-taxable","17":"purchasable","18":"product-type-variable"},"acf":[],"yoast_head":"<!-- This site is optimized with the Yoast SEO plugin v19.7.1 - https:\/\/yoast.com\/wordpress\/plugins\/seo\/ -->\n<title>Maleta Burbuja - VIPETS<\/title>\n<meta name=\"robots\" content=\"index, follow, max-snippet:-1, max-image-preview:large, max-video-preview:-1\" \/>\n<link rel=\"canonical\" href=\"https:\/\/vipets.com.co\/?product=maleta-burbuja\" \/>\n<meta property=\"og:locale\" content=\"es_ES\" \/>\n<meta property=\"og:type\" content=\"article\" \/>\n<meta property=\"og:title\" content=\"Maleta Burbuja - VIPETS\" \/>\n<meta property=\"og:description\" content=\"Lleva c\u00f3modamente a tu pet en esta maleta con \u201cmirador propio\u201d Su estructura r\u00edgida y divertidos dise\u00f1os, har\u00e1n que tu pet se sienta a gusto y muy protegida en todo trayecto.\" \/>\n<meta property=\"og:url\" content=\"https:\/\/vipets.com.co\/?product=maleta-burbuja\" \/>\n<meta property=\"og:site_name\" content=\"VIPETS\" \/>\n<meta property=\"article:modified_time\" content=\"2025-08-11T15:41:58+00:00\" \/>\n<meta property=\"og:image\" content=\"https:\/\/vipets.com.co\/wp-content\/uploads\/2024\/08\/Maleta-burbuja-1.jpg\" \/>\n\t<meta property=\"og:image:width\" content=\"1500\" \/>\n\t<meta property=\"og:image:height\" content=\"1500\" \/>\n\t<meta property=\"og:image:type\" content=\"image\/jpeg\" \/>\n<meta name=\"twitter:card\" content=\"summary_large_image\" \/>\n<script type=\"application\/ld+json\" class=\"yoast-schema-graph\">{\"@context\":\"https:\/\/schema.org\",\"@graph\":[{\"@type\":\"WebPage\",\"@id\":\"https:\/\/vipets.com.co\/?product=maleta-burbuja\",\"url\":\"https:\/\/vipets.com.co\/?product=maleta-burbuja\",\"name\":\"Maleta Burbuja - VIPETS\",\"isPartOf\":{\"@id\":\"https:\/\/vipets.com.co\/#website\"},\"datePublished\":\"2024-08-09T16:17:32+00:00\",\"dateModified\":\"2025-08-11T15:41:58+00:00\",\"breadcrumb\":{\"@id\":\"https:\/\/vipets.com.co\/?product=maleta-burbuja#breadcrumb\"},\"inLanguage\":\"es-CO\",\"potentialAction\":[{\"@type\":\"ReadAction\",\"target\":[\"https:\/\/vipets.com.co\/?product=maleta-burbuja\"]}]},{\"@type\":\"BreadcrumbList\",\"@id\":\"https:\/\/vipets.com.co\/?product=maleta-burbuja#breadcrumb\",\"itemListElement\":[{\"@type\":\"ListItem\",\"position\":1,\"name\":\"Home\",\"item\":\"https:\/\/vipets.com.co\/\"},{\"@type\":\"ListItem\",\"position\":2,\"name\":\"Shop\",\"item\":\"https:\/\/vipets.com.co\/?page_id=6\"},{\"@type\":\"ListItem\",\"position\":3,\"name\":\"Maleta Burbuja\"}]},{\"@type\":\"WebSite\",\"@id\":\"https:\/\/vipets.com.co\/#website\",\"url\":\"https:\/\/vipets.com.co\/\",\"name\":\"VIPETS\",\"description\":\"Mascotas\",\"potentialAction\":[{\"@type\":\"SearchAction\",\"target\":{\"@type\":\"EntryPoint\",\"urlTemplate\":\"https:\/\/vipets.com.co\/?s={search_term_string}\"},\"query-input\":\"required name=search_term_string\"}],\"inLanguage\":\"es-CO\"}]}<\/script>\n<!-- \/ Yoast SEO plugin. -->","yoast_head_json":{"title":"Maleta Burbuja - VIPETS","robots":{"index":"index","follow":"follow","max-snippet":"max-snippet:-1","max-image-preview":"max-image-preview:large","max-video-preview":"max-video-preview:-1"},"canonical":"https:\/\/vipets.com.co\/?product=maleta-burbuja","og_locale":"es_ES","og_type":"article","og_title":"Maleta Burbuja - VIPETS","og_description":"Lleva c\u00f3modamente a tu pet en esta maleta con \u201cmirador propio\u201d Su estructura r\u00edgida y divertidos dise\u00f1os, har\u00e1n que tu pet se sienta a gusto y muy protegida en todo trayecto.","og_url":"https:\/\/vipets.com.co\/?product=maleta-burbuja","og_site_name":"VIPETS","article_modified_time":"2025-08-11T15:41:58+00:00","og_image":[{"width":1500,"height":1500,"url":"https:\/\/vipets.com.co\/wp-content\/uploads\/2024\/08\/Maleta-burbuja-1.jpg","type":"image\/jpeg"}],"twitter_card":"summary_large_image","schema":{"@context":"https:\/\/schema.org","@graph":[{"@type":"WebPage","@id":"https:\/\/vipets.com.co\/?product=maleta-burbuja","url":"https:\/\/vipets.com.co\/?product=maleta-burbuja","name":"Maleta Burbuja - VIPETS","isPartOf":{"@id":"https:\/\/vipets.com.co\/#website"},"datePublished":"2024-08-09T16:17:32+00:00","dateModified":"2025-08-11T15:41:58+00:00","breadcrumb":{"@id":"https:\/\/vipets.com.co\/?product=maleta-burbuja#breadcrumb"},"inLanguage":"es-CO","potentialAction":[{"@type":"ReadAction","target":["https:\/\/vipets.com.co\/?product=maleta-burbuja"]}]},{"@type":"BreadcrumbList","@id":"https:\/\/vipets.com.co\/?product=maleta-burbuja#breadcrumb","itemListElement":[{"@type":"ListItem","position":1,"name":"Home","item":"https:\/\/vipets.com.co\/"},{"@type":"ListItem","position":2,"name":"Shop","item":"https:\/\/vipets.com.co\/?page_id=6"},{"@type":"ListItem","position":3,"name":"Maleta Burbuja"}]},{"@type":"WebSite","@id":"https:\/\/vipets.com.co\/#website","url":"https:\/\/vipets.com.co\/","name":"VIPETS","description":"Mascotas","potentialAction":[{"@type":"SearchAction","target":{"@type":"EntryPoint","urlTemplate":"https:\/\/vipets.com.co\/?s={search_term_string}"},"query-input":"required name=search_term_string"}],"inLanguage":"es-CO"}]}},"_links":{"self":[{"href":"https:\/\/vipets.com.co\/index.php?rest_route=\/wp\/v2\/product\/6432","targetHints":{"allow":["GET"]}}],"collection":[{"href":"https:\/\/vipets.com.co\/index.php?rest_route=\/wp\/v2\/product"}],"about":[{"href":"https:\/\/vipets.com.co\/index.php?rest_route=\/wp\/v2\/types\/product"}],"replies":[{"embeddable":true,"href":"https:\/\/vipets.com.co\/index.php?rest_route=%2Fwp%2Fv2%2Fcomments&post=6432"}],"wp:featuredmedia":[{"embeddable":true,"href":"https:\/\/vipets.com.co\/index.php?rest_route=\/wp\/v2\/media\/8083"}],"wp:attachment":[{"href":"https:\/\/vipets.com.co\/index.php?rest_route=%2Fwp%2Fv2%2Fmedia&parent=6432"}],"wp:term":[{"taxonomy":"product_cat","embeddable":true,"href":"https:\/\/vipets.com.co\/index.php?rest_route=%2Fwp%2Fv2%2Fproduct_cat&post=6432"},{"taxonomy":"product_tag","embeddable":true,"href":"https:\/\/vipets.com.co\/index.php?rest_route=%2Fwp%2Fv2%2Fproduct_tag&post=6432"}],"curies":[{"name":"wp","href":"https:\/\/api.w.org\/{rel}","templated":true}]}}