{"id":6461,"date":"2024-08-09T11:59:27","date_gmt":"2024-08-09T16:59:27","guid":{"rendered":"https:\/\/vipets.com.co\/?post_type=product&#038;p=6461"},"modified":"2025-08-11T15:25:23","modified_gmt":"2025-08-11T20:25:23","slug":"maleta-burbuja-en-cuero-sintetico","status":"publish","type":"product","link":"https:\/\/vipets.com.co\/?product=maleta-burbuja-en-cuero-sintetico","title":{"rendered":"Maleta Burbuja En Cuero Sint\u00e9tico"},"content":{"rendered":"","protected":false},"excerpt":{"rendered":"<p><em> Si la afici\u00f3n de tu gatito o perrito es esconderse y a la vez poder fisgonear, esta maleta es perfecta para \u00e9l! Su c\u00f3modo y ventilado dise\u00f1o, permitir\u00e1n que tu pet te acompa\u00f1e con seguridad en cualquier lugar.<\/em><\/p>\n","protected":false},"featured_media":8107,"comment_status":"open","ping_status":"closed","template":"","meta":{"inline_featured_image":false},"product_cat":[182,177,148,147,25],"product_tag":[],"class_list":{"0":"post-6461","1":"product","2":"type-product","3":"status-publish","4":"has-post-thumbnail","6":"product_cat-todos-los-accesorios","7":"product_cat-todos-los-productos","8":"product_cat-gato","9":"product_cat-perro","10":"product_cat-accesorios","11":"product_shipping_class-ropa","12":"pa_color-fucsia","14":"first","15":"instock","16":"taxable","17":"shipping-taxable","18":"purchasable","19":"product-type-variable"},"acf":[],"yoast_head":"<!-- This site is optimized with the Yoast SEO plugin v19.7.1 - https:\/\/yoast.com\/wordpress\/plugins\/seo\/ -->\n<title>Maleta Burbuja En Cuero Sint\u00e9tico - VIPETS<\/title>\n<meta name=\"robots\" content=\"index, follow, max-snippet:-1, max-image-preview:large, max-video-preview:-1\" \/>\n<link rel=\"canonical\" href=\"https:\/\/vipets.com.co\/?product=maleta-burbuja-en-cuero-sintetico\" \/>\n<meta property=\"og:locale\" content=\"es_ES\" \/>\n<meta property=\"og:type\" content=\"article\" \/>\n<meta property=\"og:title\" content=\"Maleta Burbuja En Cuero Sint\u00e9tico - VIPETS\" \/>\n<meta property=\"og:description\" content=\"Si la afici\u00f3n de tu gatito o perrito es esconderse y a la vez poder fisgonear, esta maleta es perfecta para \u00e9l! Su c\u00f3modo y ventilado dise\u00f1o, permitir\u00e1n que tu pet te acompa\u00f1e con seguridad en cualquier lugar.\" \/>\n<meta property=\"og:url\" content=\"https:\/\/vipets.com.co\/?product=maleta-burbuja-en-cuero-sintetico\" \/>\n<meta property=\"og:site_name\" content=\"VIPETS\" \/>\n<meta property=\"article:modified_time\" content=\"2025-08-11T20:25:23+00:00\" \/>\n<meta property=\"og:image\" content=\"https:\/\/vipets.com.co\/wp-content\/uploads\/2024\/08\/Maleta-Burbuja.jpg\" \/>\n\t<meta property=\"og:image:width\" content=\"1500\" \/>\n\t<meta property=\"og:image:height\" content=\"1500\" \/>\n\t<meta property=\"og:image:type\" content=\"image\/jpeg\" \/>\n<meta name=\"twitter:card\" content=\"summary_large_image\" \/>\n<script type=\"application\/ld+json\" class=\"yoast-schema-graph\">{\"@context\":\"https:\/\/schema.org\",\"@graph\":[{\"@type\":\"WebPage\",\"@id\":\"https:\/\/vipets.com.co\/?product=maleta-burbuja-en-cuero-sintetico\",\"url\":\"https:\/\/vipets.com.co\/?product=maleta-burbuja-en-cuero-sintetico\",\"name\":\"Maleta Burbuja En Cuero Sint\u00e9tico - VIPETS\",\"isPartOf\":{\"@id\":\"https:\/\/vipets.com.co\/#website\"},\"datePublished\":\"2024-08-09T16:59:27+00:00\",\"dateModified\":\"2025-08-11T20:25:23+00:00\",\"breadcrumb\":{\"@id\":\"https:\/\/vipets.com.co\/?product=maleta-burbuja-en-cuero-sintetico#breadcrumb\"},\"inLanguage\":\"es-CO\",\"potentialAction\":[{\"@type\":\"ReadAction\",\"target\":[\"https:\/\/vipets.com.co\/?product=maleta-burbuja-en-cuero-sintetico\"]}]},{\"@type\":\"BreadcrumbList\",\"@id\":\"https:\/\/vipets.com.co\/?product=maleta-burbuja-en-cuero-sintetico#breadcrumb\",\"itemListElement\":[{\"@type\":\"ListItem\",\"position\":1,\"name\":\"Home\",\"item\":\"https:\/\/vipets.com.co\/\"},{\"@type\":\"ListItem\",\"position\":2,\"name\":\"Shop\",\"item\":\"https:\/\/vipets.com.co\/?page_id=6\"},{\"@type\":\"ListItem\",\"position\":3,\"name\":\"Maleta Burbuja En Cuero Sint\u00e9tico\"}]},{\"@type\":\"WebSite\",\"@id\":\"https:\/\/vipets.com.co\/#website\",\"url\":\"https:\/\/vipets.com.co\/\",\"name\":\"VIPETS\",\"description\":\"Mascotas\",\"potentialAction\":[{\"@type\":\"SearchAction\",\"target\":{\"@type\":\"EntryPoint\",\"urlTemplate\":\"https:\/\/vipets.com.co\/?s={search_term_string}\"},\"query-input\":\"required name=search_term_string\"}],\"inLanguage\":\"es-CO\"}]}<\/script>\n<!-- \/ Yoast SEO plugin. -->","yoast_head_json":{"title":"Maleta Burbuja En Cuero Sint\u00e9tico - VIPETS","robots":{"index":"index","follow":"follow","max-snippet":"max-snippet:-1","max-image-preview":"max-image-preview:large","max-video-preview":"max-video-preview:-1"},"canonical":"https:\/\/vipets.com.co\/?product=maleta-burbuja-en-cuero-sintetico","og_locale":"es_ES","og_type":"article","og_title":"Maleta Burbuja En Cuero Sint\u00e9tico - VIPETS","og_description":"Si la afici\u00f3n de tu gatito o perrito es esconderse y a la vez poder fisgonear, esta maleta es perfecta para \u00e9l! Su c\u00f3modo y ventilado dise\u00f1o, permitir\u00e1n que tu pet te acompa\u00f1e con seguridad en cualquier lugar.","og_url":"https:\/\/vipets.com.co\/?product=maleta-burbuja-en-cuero-sintetico","og_site_name":"VIPETS","article_modified_time":"2025-08-11T20:25:23+00:00","og_image":[{"width":1500,"height":1500,"url":"https:\/\/vipets.com.co\/wp-content\/uploads\/2024\/08\/Maleta-Burbuja.jpg","type":"image\/jpeg"}],"twitter_card":"summary_large_image","schema":{"@context":"https:\/\/schema.org","@graph":[{"@type":"WebPage","@id":"https:\/\/vipets.com.co\/?product=maleta-burbuja-en-cuero-sintetico","url":"https:\/\/vipets.com.co\/?product=maleta-burbuja-en-cuero-sintetico","name":"Maleta Burbuja En Cuero Sint\u00e9tico - VIPETS","isPartOf":{"@id":"https:\/\/vipets.com.co\/#website"},"datePublished":"2024-08-09T16:59:27+00:00","dateModified":"2025-08-11T20:25:23+00:00","breadcrumb":{"@id":"https:\/\/vipets.com.co\/?product=maleta-burbuja-en-cuero-sintetico#breadcrumb"},"inLanguage":"es-CO","potentialAction":[{"@type":"ReadAction","target":["https:\/\/vipets.com.co\/?product=maleta-burbuja-en-cuero-sintetico"]}]},{"@type":"BreadcrumbList","@id":"https:\/\/vipets.com.co\/?product=maleta-burbuja-en-cuero-sintetico#breadcrumb","itemListElement":[{"@type":"ListItem","position":1,"name":"Home","item":"https:\/\/vipets.com.co\/"},{"@type":"ListItem","position":2,"name":"Shop","item":"https:\/\/vipets.com.co\/?page_id=6"},{"@type":"ListItem","position":3,"name":"Maleta Burbuja En Cuero Sint\u00e9tico"}]},{"@type":"WebSite","@id":"https:\/\/vipets.com.co\/#website","url":"https:\/\/vipets.com.co\/","name":"VIPETS","description":"Mascotas","potentialAction":[{"@type":"SearchAction","target":{"@type":"EntryPoint","urlTemplate":"https:\/\/vipets.com.co\/?s={search_term_string}"},"query-input":"required name=search_term_string"}],"inLanguage":"es-CO"}]}},"_links":{"self":[{"href":"https:\/\/vipets.com.co\/index.php?rest_route=\/wp\/v2\/product\/6461","targetHints":{"allow":["GET"]}}],"collection":[{"href":"https:\/\/vipets.com.co\/index.php?rest_route=\/wp\/v2\/product"}],"about":[{"href":"https:\/\/vipets.com.co\/index.php?rest_route=\/wp\/v2\/types\/product"}],"replies":[{"embeddable":true,"href":"https:\/\/vipets.com.co\/index.php?rest_route=%2Fwp%2Fv2%2Fcomments&post=6461"}],"wp:featuredmedia":[{"embeddable":true,"href":"https:\/\/vipets.com.co\/index.php?rest_route=\/wp\/v2\/media\/8107"}],"wp:attachment":[{"href":"https:\/\/vipets.com.co\/index.php?rest_route=%2Fwp%2Fv2%2Fmedia&parent=6461"}],"wp:term":[{"taxonomy":"product_cat","embeddable":true,"href":"https:\/\/vipets.com.co\/index.php?rest_route=%2Fwp%2Fv2%2Fproduct_cat&post=6461"},{"taxonomy":"product_tag","embeddable":true,"href":"https:\/\/vipets.com.co\/index.php?rest_route=%2Fwp%2Fv2%2Fproduct_tag&post=6461"}],"curies":[{"name":"wp","href":"https:\/\/api.w.org\/{rel}","templated":true}]}}