{"id":7185,"date":"2025-06-07T15:08:41","date_gmt":"2025-06-07T20:08:41","guid":{"rendered":"https:\/\/vipets.com.co\/?post_type=product&#038;p=7185"},"modified":"2026-04-28T15:27:16","modified_gmt":"2026-04-28T20:27:16","slug":"chaqueta-urbana","status":"publish","type":"product","link":"https:\/\/vipets.com.co\/?product=chaqueta-urbana","title":{"rendered":"Chaqueta Urbana"},"content":{"rendered":"","protected":false},"excerpt":{"rendered":"<p><em> \u00a1Estilo callejero para los m\u00e1s cool de la manada! Nuestra chaqueta urbana en colores vibrantes es la prenda perfecta para que tu mascota marque tendencia en cada paseo.<\/em><\/p>\n<p>Confeccionada en una tela liviana pero resistente, esta chaqueta combina actitud y funcionalidad. Su dise\u00f1o ergon\u00f3mico se adapta c\u00f3modamente al cuerpo, permitiendo libertad de movimiento.<\/p>\n","protected":false},"featured_media":8718,"comment_status":"open","ping_status":"closed","template":"","meta":{"inline_featured_image":false},"product_cat":[177,148,147,29,176,38],"product_tag":[],"class_list":{"0":"post-7185","1":"product","2":"type-product","3":"status-publish","4":"has-post-thumbnail","6":"product_cat-todos-los-productos","7":"product_cat-gato","8":"product_cat-perro","9":"product_cat-ropa","10":"product_cat-toda-la-ropa","11":"product_cat-chaquetas","12":"product_shipping_class-ropa","13":"pa_color-vino-tinto","14":"pa_color-verde-esmeralda","15":"pa_color-amarillo","16":"pa_color-azul-oscuro","17":"pa_color-chocolate","18":"pa_color-gris-oscuro","19":"pa_color-negro","20":"pa_color-rosa","21":"pa_color-violeta","23":"first","24":"instock","25":"taxable","26":"shipping-taxable","27":"purchasable","28":"product-type-variable"},"acf":[],"yoast_head":"<!-- This site is optimized with the Yoast SEO plugin v19.7.1 - https:\/\/yoast.com\/wordpress\/plugins\/seo\/ -->\n<title>Chaqueta Urbana - VIPETS<\/title>\n<meta name=\"robots\" content=\"index, follow, max-snippet:-1, max-image-preview:large, max-video-preview:-1\" \/>\n<link rel=\"canonical\" href=\"https:\/\/vipets.com.co\/?product=chaqueta-urbana\" \/>\n<meta property=\"og:locale\" content=\"es_ES\" \/>\n<meta property=\"og:type\" content=\"article\" \/>\n<meta property=\"og:title\" content=\"Chaqueta Urbana - VIPETS\" \/>\n<meta property=\"og:description\" content=\"\u00a1Estilo callejero para los m\u00e1s cool de la manada! Nuestra chaqueta urbana en colores vibrantes es la prenda perfecta para que tu mascota marque tendencia en cada paseo.  Confeccionada en una tela liviana pero resistente, esta chaqueta combina actitud y funcionalidad. Su dise\u00f1o ergon\u00f3mico se adapta c\u00f3modamente al cuerpo, permitiendo libertad de movimiento.\" \/>\n<meta property=\"og:url\" content=\"https:\/\/vipets.com.co\/?product=chaqueta-urbana\" \/>\n<meta property=\"og:site_name\" content=\"VIPETS\" \/>\n<meta property=\"article:modified_time\" content=\"2026-04-28T20:27:16+00:00\" \/>\n<meta property=\"og:image\" content=\"https:\/\/vipets.com.co\/wp-content\/uploads\/2025\/06\/IMG-4159.png\" \/>\n\t<meta property=\"og:image:width\" content=\"1254\" \/>\n\t<meta property=\"og:image:height\" content=\"1254\" \/>\n\t<meta property=\"og:image:type\" content=\"image\/png\" \/>\n<meta name=\"twitter:card\" content=\"summary_large_image\" \/>\n<script type=\"application\/ld+json\" class=\"yoast-schema-graph\">{\"@context\":\"https:\/\/schema.org\",\"@graph\":[{\"@type\":\"WebPage\",\"@id\":\"https:\/\/vipets.com.co\/?product=chaqueta-urbana\",\"url\":\"https:\/\/vipets.com.co\/?product=chaqueta-urbana\",\"name\":\"Chaqueta Urbana - VIPETS\",\"isPartOf\":{\"@id\":\"https:\/\/vipets.com.co\/#website\"},\"datePublished\":\"2025-06-07T20:08:41+00:00\",\"dateModified\":\"2026-04-28T20:27:16+00:00\",\"breadcrumb\":{\"@id\":\"https:\/\/vipets.com.co\/?product=chaqueta-urbana#breadcrumb\"},\"inLanguage\":\"es-CO\",\"potentialAction\":[{\"@type\":\"ReadAction\",\"target\":[\"https:\/\/vipets.com.co\/?product=chaqueta-urbana\"]}]},{\"@type\":\"BreadcrumbList\",\"@id\":\"https:\/\/vipets.com.co\/?product=chaqueta-urbana#breadcrumb\",\"itemListElement\":[{\"@type\":\"ListItem\",\"position\":1,\"name\":\"Home\",\"item\":\"https:\/\/vipets.com.co\/\"},{\"@type\":\"ListItem\",\"position\":2,\"name\":\"Shop\",\"item\":\"https:\/\/vipets.com.co\/?page_id=6\"},{\"@type\":\"ListItem\",\"position\":3,\"name\":\"Chaqueta Urbana\"}]},{\"@type\":\"WebSite\",\"@id\":\"https:\/\/vipets.com.co\/#website\",\"url\":\"https:\/\/vipets.com.co\/\",\"name\":\"VIPETS\",\"description\":\"Mascotas\",\"potentialAction\":[{\"@type\":\"SearchAction\",\"target\":{\"@type\":\"EntryPoint\",\"urlTemplate\":\"https:\/\/vipets.com.co\/?s={search_term_string}\"},\"query-input\":\"required name=search_term_string\"}],\"inLanguage\":\"es-CO\"}]}<\/script>\n<!-- \/ Yoast SEO plugin. -->","yoast_head_json":{"title":"Chaqueta Urbana - VIPETS","robots":{"index":"index","follow":"follow","max-snippet":"max-snippet:-1","max-image-preview":"max-image-preview:large","max-video-preview":"max-video-preview:-1"},"canonical":"https:\/\/vipets.com.co\/?product=chaqueta-urbana","og_locale":"es_ES","og_type":"article","og_title":"Chaqueta Urbana - VIPETS","og_description":"\u00a1Estilo callejero para los m\u00e1s cool de la manada! Nuestra chaqueta urbana en colores vibrantes es la prenda perfecta para que tu mascota marque tendencia en cada paseo.  Confeccionada en una tela liviana pero resistente, esta chaqueta combina actitud y funcionalidad. Su dise\u00f1o ergon\u00f3mico se adapta c\u00f3modamente al cuerpo, permitiendo libertad de movimiento.","og_url":"https:\/\/vipets.com.co\/?product=chaqueta-urbana","og_site_name":"VIPETS","article_modified_time":"2026-04-28T20:27:16+00:00","og_image":[{"width":1254,"height":1254,"url":"https:\/\/vipets.com.co\/wp-content\/uploads\/2025\/06\/IMG-4159.png","type":"image\/png"}],"twitter_card":"summary_large_image","schema":{"@context":"https:\/\/schema.org","@graph":[{"@type":"WebPage","@id":"https:\/\/vipets.com.co\/?product=chaqueta-urbana","url":"https:\/\/vipets.com.co\/?product=chaqueta-urbana","name":"Chaqueta Urbana - VIPETS","isPartOf":{"@id":"https:\/\/vipets.com.co\/#website"},"datePublished":"2025-06-07T20:08:41+00:00","dateModified":"2026-04-28T20:27:16+00:00","breadcrumb":{"@id":"https:\/\/vipets.com.co\/?product=chaqueta-urbana#breadcrumb"},"inLanguage":"es-CO","potentialAction":[{"@type":"ReadAction","target":["https:\/\/vipets.com.co\/?product=chaqueta-urbana"]}]},{"@type":"BreadcrumbList","@id":"https:\/\/vipets.com.co\/?product=chaqueta-urbana#breadcrumb","itemListElement":[{"@type":"ListItem","position":1,"name":"Home","item":"https:\/\/vipets.com.co\/"},{"@type":"ListItem","position":2,"name":"Shop","item":"https:\/\/vipets.com.co\/?page_id=6"},{"@type":"ListItem","position":3,"name":"Chaqueta Urbana"}]},{"@type":"WebSite","@id":"https:\/\/vipets.com.co\/#website","url":"https:\/\/vipets.com.co\/","name":"VIPETS","description":"Mascotas","potentialAction":[{"@type":"SearchAction","target":{"@type":"EntryPoint","urlTemplate":"https:\/\/vipets.com.co\/?s={search_term_string}"},"query-input":"required name=search_term_string"}],"inLanguage":"es-CO"}]}},"_links":{"self":[{"href":"https:\/\/vipets.com.co\/index.php?rest_route=\/wp\/v2\/product\/7185","targetHints":{"allow":["GET"]}}],"collection":[{"href":"https:\/\/vipets.com.co\/index.php?rest_route=\/wp\/v2\/product"}],"about":[{"href":"https:\/\/vipets.com.co\/index.php?rest_route=\/wp\/v2\/types\/product"}],"replies":[{"embeddable":true,"href":"https:\/\/vipets.com.co\/index.php?rest_route=%2Fwp%2Fv2%2Fcomments&post=7185"}],"wp:featuredmedia":[{"embeddable":true,"href":"https:\/\/vipets.com.co\/index.php?rest_route=\/wp\/v2\/media\/8718"}],"wp:attachment":[{"href":"https:\/\/vipets.com.co\/index.php?rest_route=%2Fwp%2Fv2%2Fmedia&parent=7185"}],"wp:term":[{"taxonomy":"product_cat","embeddable":true,"href":"https:\/\/vipets.com.co\/index.php?rest_route=%2Fwp%2Fv2%2Fproduct_cat&post=7185"},{"taxonomy":"product_tag","embeddable":true,"href":"https:\/\/vipets.com.co\/index.php?rest_route=%2Fwp%2Fv2%2Fproduct_tag&post=7185"}],"curies":[{"name":"wp","href":"https:\/\/api.w.org\/{rel}","templated":true}]}}