{"id":7409,"date":"2025-06-04T18:36:42","date_gmt":"2025-06-04T23:36:42","guid":{"rendered":"https:\/\/vipets.com.co\/?post_type=product&#038;p=7409"},"modified":"2026-04-28T15:49:26","modified_gmt":"2026-04-28T20:49:26","slug":"impermeable-color","status":"publish","type":"product","link":"https:\/\/vipets.com.co\/?product=impermeable-color","title":{"rendered":"Impermeable Color"},"content":{"rendered":"","protected":false},"excerpt":{"rendered":"<div class=\"page\" title=\"Page 48\">\n<div class=\"layoutArea\">\n<div class=\"column\">\n<p>Nuestro impermeable para mascotas est\u00e1 dise\u00f1ado para mantener seco y protegido a tu peludo en los d\u00edas m\u00e1s h\u00famedos, sin perder estilo ni comodidad.<\/p>\n<p>Disponible en colores llamativos que destacan incluso en d\u00edas grises, incorpora cintas reflectivas de alta visibilidad, ideales para paseos seguros durante la noche o con poca luz. Se ajusta f\u00e1cilmente al pecho y la barriga mediante velcros, facilitando su puesta en segundos.<\/p>\n<\/div>\n<\/div>\n<\/div>\n","protected":false},"featured_media":8078,"comment_status":"open","ping_status":"closed","template":"","meta":{"inline_featured_image":false},"product_cat":[177,147,29,176,39],"product_tag":[],"class_list":{"0":"post-7409","1":"product","2":"type-product","3":"status-publish","4":"has-post-thumbnail","6":"product_cat-todos-los-productos","7":"product_cat-perro","8":"product_cat-ropa","9":"product_cat-toda-la-ropa","10":"product_cat-impermeables","11":"product_shipping_class-ropa","13":"first","14":"instock","15":"purchasable","16":"product-type-variable"},"acf":[],"yoast_head":"<!-- This site is optimized with the Yoast SEO plugin v19.7.1 - https:\/\/yoast.com\/wordpress\/plugins\/seo\/ -->\n<title>Impermeable Color - VIPETS<\/title>\n<meta name=\"robots\" content=\"index, follow, max-snippet:-1, max-image-preview:large, max-video-preview:-1\" \/>\n<link rel=\"canonical\" href=\"https:\/\/vipets.com.co\/?product=impermeable-color\" \/>\n<meta property=\"og:locale\" content=\"es_ES\" \/>\n<meta property=\"og:type\" content=\"article\" \/>\n<meta property=\"og:title\" content=\"Impermeable Color - VIPETS\" \/>\n<meta property=\"og:description\" content=\"Nuestro impermeable para mascotas est\u00e1 dise\u00f1ado para mantener seco y protegido a tu peludo en los d\u00edas m\u00e1s h\u00famedos, sin perder estilo ni comodidad.  Disponible en colores llamativos que destacan incluso en d\u00edas grises, incorpora cintas reflectivas de alta visibilidad, ideales para paseos seguros durante la noche o con poca luz. Se ajusta f\u00e1cilmente al pecho y la barriga mediante velcros, facilitando su puesta en segundos.\" \/>\n<meta property=\"og:url\" content=\"https:\/\/vipets.com.co\/?product=impermeable-color\" \/>\n<meta property=\"og:site_name\" content=\"VIPETS\" \/>\n<meta property=\"article:modified_time\" content=\"2026-04-28T20:49:26+00:00\" \/>\n<meta property=\"og:image\" content=\"https:\/\/vipets.com.co\/wp-content\/uploads\/2025\/06\/Impermeable-de-color.jpg\" \/>\n\t<meta property=\"og:image:width\" content=\"1500\" \/>\n\t<meta property=\"og:image:height\" content=\"1500\" \/>\n\t<meta property=\"og:image:type\" content=\"image\/jpeg\" \/>\n<meta name=\"twitter:card\" content=\"summary_large_image\" \/>\n<script type=\"application\/ld+json\" class=\"yoast-schema-graph\">{\"@context\":\"https:\/\/schema.org\",\"@graph\":[{\"@type\":\"WebPage\",\"@id\":\"https:\/\/vipets.com.co\/?product=impermeable-color\",\"url\":\"https:\/\/vipets.com.co\/?product=impermeable-color\",\"name\":\"Impermeable Color - VIPETS\",\"isPartOf\":{\"@id\":\"https:\/\/vipets.com.co\/#website\"},\"datePublished\":\"2025-06-04T23:36:42+00:00\",\"dateModified\":\"2026-04-28T20:49:26+00:00\",\"breadcrumb\":{\"@id\":\"https:\/\/vipets.com.co\/?product=impermeable-color#breadcrumb\"},\"inLanguage\":\"es-CO\",\"potentialAction\":[{\"@type\":\"ReadAction\",\"target\":[\"https:\/\/vipets.com.co\/?product=impermeable-color\"]}]},{\"@type\":\"BreadcrumbList\",\"@id\":\"https:\/\/vipets.com.co\/?product=impermeable-color#breadcrumb\",\"itemListElement\":[{\"@type\":\"ListItem\",\"position\":1,\"name\":\"Home\",\"item\":\"https:\/\/vipets.com.co\/\"},{\"@type\":\"ListItem\",\"position\":2,\"name\":\"Shop\",\"item\":\"https:\/\/vipets.com.co\/?page_id=6\"},{\"@type\":\"ListItem\",\"position\":3,\"name\":\"Impermeable Color\"}]},{\"@type\":\"WebSite\",\"@id\":\"https:\/\/vipets.com.co\/#website\",\"url\":\"https:\/\/vipets.com.co\/\",\"name\":\"VIPETS\",\"description\":\"Mascotas\",\"potentialAction\":[{\"@type\":\"SearchAction\",\"target\":{\"@type\":\"EntryPoint\",\"urlTemplate\":\"https:\/\/vipets.com.co\/?s={search_term_string}\"},\"query-input\":\"required name=search_term_string\"}],\"inLanguage\":\"es-CO\"}]}<\/script>\n<!-- \/ Yoast SEO plugin. -->","yoast_head_json":{"title":"Impermeable Color - VIPETS","robots":{"index":"index","follow":"follow","max-snippet":"max-snippet:-1","max-image-preview":"max-image-preview:large","max-video-preview":"max-video-preview:-1"},"canonical":"https:\/\/vipets.com.co\/?product=impermeable-color","og_locale":"es_ES","og_type":"article","og_title":"Impermeable Color - VIPETS","og_description":"Nuestro impermeable para mascotas est\u00e1 dise\u00f1ado para mantener seco y protegido a tu peludo en los d\u00edas m\u00e1s h\u00famedos, sin perder estilo ni comodidad.  Disponible en colores llamativos que destacan incluso en d\u00edas grises, incorpora cintas reflectivas de alta visibilidad, ideales para paseos seguros durante la noche o con poca luz. Se ajusta f\u00e1cilmente al pecho y la barriga mediante velcros, facilitando su puesta en segundos.","og_url":"https:\/\/vipets.com.co\/?product=impermeable-color","og_site_name":"VIPETS","article_modified_time":"2026-04-28T20:49:26+00:00","og_image":[{"width":1500,"height":1500,"url":"https:\/\/vipets.com.co\/wp-content\/uploads\/2025\/06\/Impermeable-de-color.jpg","type":"image\/jpeg"}],"twitter_card":"summary_large_image","schema":{"@context":"https:\/\/schema.org","@graph":[{"@type":"WebPage","@id":"https:\/\/vipets.com.co\/?product=impermeable-color","url":"https:\/\/vipets.com.co\/?product=impermeable-color","name":"Impermeable Color - VIPETS","isPartOf":{"@id":"https:\/\/vipets.com.co\/#website"},"datePublished":"2025-06-04T23:36:42+00:00","dateModified":"2026-04-28T20:49:26+00:00","breadcrumb":{"@id":"https:\/\/vipets.com.co\/?product=impermeable-color#breadcrumb"},"inLanguage":"es-CO","potentialAction":[{"@type":"ReadAction","target":["https:\/\/vipets.com.co\/?product=impermeable-color"]}]},{"@type":"BreadcrumbList","@id":"https:\/\/vipets.com.co\/?product=impermeable-color#breadcrumb","itemListElement":[{"@type":"ListItem","position":1,"name":"Home","item":"https:\/\/vipets.com.co\/"},{"@type":"ListItem","position":2,"name":"Shop","item":"https:\/\/vipets.com.co\/?page_id=6"},{"@type":"ListItem","position":3,"name":"Impermeable Color"}]},{"@type":"WebSite","@id":"https:\/\/vipets.com.co\/#website","url":"https:\/\/vipets.com.co\/","name":"VIPETS","description":"Mascotas","potentialAction":[{"@type":"SearchAction","target":{"@type":"EntryPoint","urlTemplate":"https:\/\/vipets.com.co\/?s={search_term_string}"},"query-input":"required name=search_term_string"}],"inLanguage":"es-CO"}]}},"_links":{"self":[{"href":"https:\/\/vipets.com.co\/index.php?rest_route=\/wp\/v2\/product\/7409","targetHints":{"allow":["GET"]}}],"collection":[{"href":"https:\/\/vipets.com.co\/index.php?rest_route=\/wp\/v2\/product"}],"about":[{"href":"https:\/\/vipets.com.co\/index.php?rest_route=\/wp\/v2\/types\/product"}],"replies":[{"embeddable":true,"href":"https:\/\/vipets.com.co\/index.php?rest_route=%2Fwp%2Fv2%2Fcomments&post=7409"}],"wp:featuredmedia":[{"embeddable":true,"href":"https:\/\/vipets.com.co\/index.php?rest_route=\/wp\/v2\/media\/8078"}],"wp:attachment":[{"href":"https:\/\/vipets.com.co\/index.php?rest_route=%2Fwp%2Fv2%2Fmedia&parent=7409"}],"wp:term":[{"taxonomy":"product_cat","embeddable":true,"href":"https:\/\/vipets.com.co\/index.php?rest_route=%2Fwp%2Fv2%2Fproduct_cat&post=7409"},{"taxonomy":"product_tag","embeddable":true,"href":"https:\/\/vipets.com.co\/index.php?rest_route=%2Fwp%2Fv2%2Fproduct_tag&post=7409"}],"curies":[{"name":"wp","href":"https:\/\/api.w.org\/{rel}","templated":true}]}}